{"id":353648,"date":"2024-03-01T23:47:20","date_gmt":"2024-03-01T22:47:20","guid":{"rendered":"https:\/\/gajostest.a2hosted.com\/eshop\/fs-set-priemysel-plosiny-udrzba\/"},"modified":"2026-04-11T17:51:50","modified_gmt":"2026-04-11T15:51:50","slug":"fs-set-priemysel-plosiny-udrzba","status":"publish","type":"product","link":"https:\/\/gajos.sk\/eshop\/p\/fs-set-priemysel-plosiny-udrzba\/","title":{"rendered":"FS Set Priemysel: Plo\u0161iny, \u00fadr\u017eba\u00a0"},"content":{"rendered":"","protected":false},"excerpt":{"rendered":"<p>Bezpe\u010dn\u00e9 pre p\u00e1d FS151 Odvetvie z\u00e1kladn\u00fdch s\u00faprav: Plo\u0161iny, \u00fadr\u017eba. Postroj tlmi\u010dov, p\u00e1d s karab\u00ednami<\/p>\n","protected":false},"featured_media":353650,"template":"","meta":{"_acf_changed":false,"inline_featured_image":false},"product_brand":[],"product_cat":[2153,2128,2579],"product_tag":[1293],"class_list":{"0":"post-353648","1":"product","2":"type-product","3":"status-publish","4":"has-post-thumbnail","6":"product_cat-ochrana-proti-padu","7":"product_cat-ochranne-pomocky","8":"product_cat-sety-pre-pracu-vo-vyskach","9":"product_tag-fallsafe","10":"pa_velkost-uni","12":"first","13":"instock","14":"taxable","15":"shipping-taxable","16":"product-type-variable"},"acf":[],"_links":{"self":[{"href":"https:\/\/gajos.sk\/eshop\/wp-json\/wp\/v2\/product\/353648","targetHints":{"allow":["GET"]}}],"collection":[{"href":"https:\/\/gajos.sk\/eshop\/wp-json\/wp\/v2\/product"}],"about":[{"href":"https:\/\/gajos.sk\/eshop\/wp-json\/wp\/v2\/types\/product"}],"wp:featuredmedia":[{"embeddable":true,"href":"https:\/\/gajos.sk\/eshop\/wp-json\/wp\/v2\/media\/353650"}],"wp:attachment":[{"href":"https:\/\/gajos.sk\/eshop\/wp-json\/wp\/v2\/media?parent=353648"}],"wp:term":[{"taxonomy":"product_brand","embeddable":true,"href":"https:\/\/gajos.sk\/eshop\/wp-json\/wp\/v2\/product_brand?post=353648"},{"taxonomy":"product_cat","embeddable":true,"href":"https:\/\/gajos.sk\/eshop\/wp-json\/wp\/v2\/product_cat?post=353648"},{"taxonomy":"product_tag","embeddable":true,"href":"https:\/\/gajos.sk\/eshop\/wp-json\/wp\/v2\/product_tag?post=353648"}],"curies":[{"name":"wp","href":"https:\/\/api.w.org\/{rel}","templated":true}]}}