{"id":353627,"date":"2024-03-01T23:47:13","date_gmt":"2024-03-01T22:47:13","guid":{"rendered":"https:\/\/gajostest.a2hosted.com\/eshop\/trauma-smycka\/"},"modified":"2026-05-06T21:59:58","modified_gmt":"2026-05-06T19:59:58","slug":"trauma-smycka","status":"publish","type":"product","link":"https:\/\/gajos.sk\/eshop\/p\/trauma-smycka\/","title":{"rendered":"Trauma smy\u010dka"},"content":{"rendered":"","protected":false},"excerpt":{"rendered":"<p>Zni\u017euje riziko vzniku traumy z visu po zachyten\u00ed p\u00e1du pracovn\u00edka t\u00fdm, \u017ee umo\u017e\u0148uje presun\u00fa\u0165 v\u00e1hu tela pracovn\u00edka na nohu. Jednoduch\u00e1 in\u0161tal\u00e1cia na postroj. V\u00fdznamn\u00e9 zv\u00fd\u0161enie komfortu a bezpe\u010dnosti.<\/p>\n","protected":false},"featured_media":353629,"template":"","meta":{"_acf_changed":false,"inline_featured_image":false},"product_brand":[],"product_cat":[2153,2128,2575],"product_tag":[1246],"class_list":{"0":"post-353627","1":"product","2":"type-product","3":"status-publish","4":"has-post-thumbnail","6":"product_cat-ochrana-proti-padu","7":"product_cat-ochranne-pomocky","8":"product_cat-lanovy-pristup-a-zachrana","9":"product_tag-lanex","10":"pa_velkost-uni","12":"first","13":"instock","14":"taxable","15":"shipping-taxable","16":"product-type-variable"},"acf":[],"_links":{"self":[{"href":"https:\/\/gajos.sk\/eshop\/wp-json\/wp\/v2\/product\/353627","targetHints":{"allow":["GET"]}}],"collection":[{"href":"https:\/\/gajos.sk\/eshop\/wp-json\/wp\/v2\/product"}],"about":[{"href":"https:\/\/gajos.sk\/eshop\/wp-json\/wp\/v2\/types\/product"}],"wp:featuredmedia":[{"embeddable":true,"href":"https:\/\/gajos.sk\/eshop\/wp-json\/wp\/v2\/media\/353629"}],"wp:attachment":[{"href":"https:\/\/gajos.sk\/eshop\/wp-json\/wp\/v2\/media?parent=353627"}],"wp:term":[{"taxonomy":"product_brand","embeddable":true,"href":"https:\/\/gajos.sk\/eshop\/wp-json\/wp\/v2\/product_brand?post=353627"},{"taxonomy":"product_cat","embeddable":true,"href":"https:\/\/gajos.sk\/eshop\/wp-json\/wp\/v2\/product_cat?post=353627"},{"taxonomy":"product_tag","embeddable":true,"href":"https:\/\/gajos.sk\/eshop\/wp-json\/wp\/v2\/product_tag?post=353627"}],"curies":[{"name":"wp","href":"https:\/\/api.w.org\/{rel}","templated":true}]}}