{"id":353618,"date":"2024-03-01T23:47:04","date_gmt":"2024-03-01T22:47:04","guid":{"rendered":"https:\/\/gajostest.a2hosted.com\/eshop\/fs8125-taska-na-vybaveni-39l\/"},"modified":"2026-04-15T22:02:56","modified_gmt":"2026-04-15T20:02:56","slug":"fs8125-taska-na-vybaveni-39l","status":"publish","type":"product","link":"https:\/\/gajos.sk\/eshop\/p\/fs8125-taska-na-vybaveni-39l\/","title":{"rendered":"FS8125 Ta\u0161ka na vybaven\u00ed 39l"},"content":{"rendered":"","protected":false},"excerpt":{"rendered":"<p>CARRYING BAG STANDARD rozmery: 500 \u00d7 280 \u00d7 280 mm objem: 13 l hmotnos\u0165: 0,4 kg CHARAKTERISTIKA: ta\u0161ka z polyesteru s vn\u00fatorn\u00fdmi vreckami<\/p>\n","protected":false},"featured_media":353620,"template":"","meta":{"_acf_changed":false,"inline_featured_image":false},"product_brand":[],"product_cat":[2153,2570,2128],"product_tag":[1293],"class_list":{"0":"post-353618","1":"product","2":"type-product","3":"status-publish","4":"has-post-thumbnail","6":"product_cat-ochrana-proti-padu","7":"product_cat-prislusenstvo-ochrana-proti-padu","8":"product_cat-ochranne-pomocky","9":"product_tag-fallsafe","10":"pa_velkost-uni","12":"first","13":"instock","14":"taxable","15":"shipping-taxable","16":"product-type-variable"},"acf":[],"_links":{"self":[{"href":"https:\/\/gajos.sk\/eshop\/wp-json\/wp\/v2\/product\/353618","targetHints":{"allow":["GET"]}}],"collection":[{"href":"https:\/\/gajos.sk\/eshop\/wp-json\/wp\/v2\/product"}],"about":[{"href":"https:\/\/gajos.sk\/eshop\/wp-json\/wp\/v2\/types\/product"}],"wp:featuredmedia":[{"embeddable":true,"href":"https:\/\/gajos.sk\/eshop\/wp-json\/wp\/v2\/media\/353620"}],"wp:attachment":[{"href":"https:\/\/gajos.sk\/eshop\/wp-json\/wp\/v2\/media?parent=353618"}],"wp:term":[{"taxonomy":"product_brand","embeddable":true,"href":"https:\/\/gajos.sk\/eshop\/wp-json\/wp\/v2\/product_brand?post=353618"},{"taxonomy":"product_cat","embeddable":true,"href":"https:\/\/gajos.sk\/eshop\/wp-json\/wp\/v2\/product_cat?post=353618"},{"taxonomy":"product_tag","embeddable":true,"href":"https:\/\/gajos.sk\/eshop\/wp-json\/wp\/v2\/product_tag?post=353618"}],"curies":[{"name":"wp","href":"https:\/\/api.w.org\/{rel}","templated":true}]}}