{"id":353588,"date":"2024-03-01T23:45:49","date_gmt":"2024-03-01T22:45:49","guid":{"rendered":"https:\/\/gajostest.a2hosted.com\/eshop\/samonavij-drziak-naradia-xpay-003\/"},"modified":"2026-05-07T21:55:59","modified_gmt":"2026-05-07T19:55:59","slug":"samonavij-drziak-naradia-xpay-003","status":"publish","type":"product","link":"https:\/\/gajos.sk\/eshop\/p\/samonavij-drziak-naradia-xpay-003\/","title":{"rendered":"Samonav\u00edj. dr\u017eiak n\u00e1radia XPAY-003"},"content":{"rendered":"","protected":false},"excerpt":{"rendered":"<p>samonav\u00edjac\u00ed dr\u017eiak n\u00e1radia; maxim\u00e1lna d\u013a\u017eka 180 cm<\/p>\n","protected":false},"featured_media":353590,"template":"","meta":{"_acf_changed":false,"inline_featured_image":false},"product_brand":[],"product_cat":[2153,2570,2128],"product_tag":[1246],"class_list":{"0":"post-353588","1":"product","2":"type-product","3":"status-publish","4":"has-post-thumbnail","6":"product_cat-ochrana-proti-padu","7":"product_cat-prislusenstvo-ochrana-proti-padu","8":"product_cat-ochranne-pomocky","9":"product_tag-lanex","10":"pa_velkost-uni","12":"first","13":"instock","14":"taxable","15":"shipping-taxable","16":"product-type-variable"},"acf":[],"_links":{"self":[{"href":"https:\/\/gajos.sk\/eshop\/wp-json\/wp\/v2\/product\/353588","targetHints":{"allow":["GET"]}}],"collection":[{"href":"https:\/\/gajos.sk\/eshop\/wp-json\/wp\/v2\/product"}],"about":[{"href":"https:\/\/gajos.sk\/eshop\/wp-json\/wp\/v2\/types\/product"}],"wp:featuredmedia":[{"embeddable":true,"href":"https:\/\/gajos.sk\/eshop\/wp-json\/wp\/v2\/media\/353590"}],"wp:attachment":[{"href":"https:\/\/gajos.sk\/eshop\/wp-json\/wp\/v2\/media?parent=353588"}],"wp:term":[{"taxonomy":"product_brand","embeddable":true,"href":"https:\/\/gajos.sk\/eshop\/wp-json\/wp\/v2\/product_brand?post=353588"},{"taxonomy":"product_cat","embeddable":true,"href":"https:\/\/gajos.sk\/eshop\/wp-json\/wp\/v2\/product_cat?post=353588"},{"taxonomy":"product_tag","embeddable":true,"href":"https:\/\/gajos.sk\/eshop\/wp-json\/wp\/v2\/product_tag?post=353588"}],"curies":[{"name":"wp","href":"https:\/\/api.w.org\/{rel}","templated":true}]}}