{"id":353566,"date":"2024-03-01T23:45:36","date_gmt":"2024-03-01T22:45:36","guid":{"rendered":"https:\/\/gajostest.a2hosted.com\/eshop\/univerzalny-vak-ax011\/"},"modified":"2026-04-20T00:57:53","modified_gmt":"2026-04-19T22:57:53","slug":"univerzalny-vak-ax011","status":"publish","type":"product","link":"https:\/\/gajos.sk\/eshop\/p\/univerzalny-vak-ax011\/","title":{"rendered":"Univerz\u00e1lny vak AX011"},"content":{"rendered":"","protected":false},"excerpt":{"rendered":"<p>univerz\u00e1lny vak na pren\u00e1\u0161anie materi\u00e1lu; odoln\u00fd a nepromokav\u00fd materi\u00e1l; dva ramenn\u00e9 popruhy<\/p>\n","protected":false},"featured_media":353568,"template":"","meta":{"_acf_changed":false,"inline_featured_image":false},"product_brand":[],"product_cat":[2153,2570,2128],"product_tag":[1246],"class_list":{"0":"post-353566","1":"product","2":"type-product","3":"status-publish","4":"has-post-thumbnail","6":"product_cat-ochrana-proti-padu","7":"product_cat-prislusenstvo-ochrana-proti-padu","8":"product_cat-ochranne-pomocky","9":"product_tag-lanex","10":"pa_velkost-uni","12":"first","13":"instock","14":"taxable","15":"shipping-taxable","16":"purchasable","17":"product-type-variable"},"acf":[],"_links":{"self":[{"href":"https:\/\/gajos.sk\/eshop\/wp-json\/wp\/v2\/product\/353566","targetHints":{"allow":["GET"]}}],"collection":[{"href":"https:\/\/gajos.sk\/eshop\/wp-json\/wp\/v2\/product"}],"about":[{"href":"https:\/\/gajos.sk\/eshop\/wp-json\/wp\/v2\/types\/product"}],"wp:featuredmedia":[{"embeddable":true,"href":"https:\/\/gajos.sk\/eshop\/wp-json\/wp\/v2\/media\/353568"}],"wp:attachment":[{"href":"https:\/\/gajos.sk\/eshop\/wp-json\/wp\/v2\/media?parent=353566"}],"wp:term":[{"taxonomy":"product_brand","embeddable":true,"href":"https:\/\/gajos.sk\/eshop\/wp-json\/wp\/v2\/product_brand?post=353566"},{"taxonomy":"product_cat","embeddable":true,"href":"https:\/\/gajos.sk\/eshop\/wp-json\/wp\/v2\/product_cat?post=353566"},{"taxonomy":"product_tag","embeddable":true,"href":"https:\/\/gajos.sk\/eshop\/wp-json\/wp\/v2\/product_tag?post=353566"}],"curies":[{"name":"wp","href":"https:\/\/api.w.org\/{rel}","templated":true}]}}