{"id":353564,"date":"2024-03-01T23:45:36","date_gmt":"2024-03-01T22:45:36","guid":{"rendered":"https:\/\/gajostest.a2hosted.com\/eshop\/popruhova-smycka-tendon-pa-120cm\/"},"modified":"2026-04-20T00:57:53","modified_gmt":"2026-04-19T22:57:53","slug":"popruhova-smycka-tendon-pa-120cm","status":"publish","type":"product","link":"https:\/\/gajos.sk\/eshop\/p\/popruhova-smycka-tendon-pa-120cm\/","title":{"rendered":"Popruhov\u00e1 smy\u010dka TENDON PA &#8211; 120cm"},"content":{"rendered":"","protected":false},"excerpt":{"rendered":"<p>PA popruhov\u00e1 slu\u010dka \u2013 \u0161\u00edrka popruhu 19\u2009mm; min. pevnos\u0165 22 kN; sl\u00fa\u017ei k vytvoreniu kotviaceho bodu<\/p>\n","protected":false},"featured_media":353563,"template":"","meta":{"_acf_changed":false,"inline_featured_image":false},"product_brand":[],"product_cat":[2153,2171,2128],"product_tag":[1246],"class_list":{"0":"post-353564","1":"product","2":"type-product","3":"status-publish","4":"has-post-thumbnail","6":"product_cat-ochrana-proti-padu","7":"product_cat-kotviace-zariadenia","8":"product_cat-ochranne-pomocky","9":"product_tag-lanex","10":"pa_velkost-uni","12":"first","13":"instock","14":"taxable","15":"shipping-taxable","16":"purchasable","17":"product-type-variable"},"acf":[],"_links":{"self":[{"href":"https:\/\/gajos.sk\/eshop\/wp-json\/wp\/v2\/product\/353564","targetHints":{"allow":["GET"]}}],"collection":[{"href":"https:\/\/gajos.sk\/eshop\/wp-json\/wp\/v2\/product"}],"about":[{"href":"https:\/\/gajos.sk\/eshop\/wp-json\/wp\/v2\/types\/product"}],"wp:featuredmedia":[{"embeddable":true,"href":"https:\/\/gajos.sk\/eshop\/wp-json\/wp\/v2\/media\/353563"}],"wp:attachment":[{"href":"https:\/\/gajos.sk\/eshop\/wp-json\/wp\/v2\/media?parent=353564"}],"wp:term":[{"taxonomy":"product_brand","embeddable":true,"href":"https:\/\/gajos.sk\/eshop\/wp-json\/wp\/v2\/product_brand?post=353564"},{"taxonomy":"product_cat","embeddable":true,"href":"https:\/\/gajos.sk\/eshop\/wp-json\/wp\/v2\/product_cat?post=353564"},{"taxonomy":"product_tag","embeddable":true,"href":"https:\/\/gajos.sk\/eshop\/wp-json\/wp\/v2\/product_tag?post=353564"}],"curies":[{"name":"wp","href":"https:\/\/api.w.org\/{rel}","templated":true}]}}