{"id":353558,"date":"2024-03-01T23:45:36","date_gmt":"2024-03-01T22:45:36","guid":{"rendered":"https:\/\/gajostest.a2hosted.com\/eshop\/ocelove-lanko-lanyard-az-01-1m\/"},"modified":"2026-05-07T21:55:58","modified_gmt":"2026-05-07T19:55:58","slug":"ocelove-lanko-lanyard-az-01-1m","status":"publish","type":"product","link":"https:\/\/gajos.sk\/eshop\/p\/ocelove-lanko-lanyard-az-01-1m\/","title":{"rendered":"oce\u013eov\u00e9 lanko LANYARD AZ 01 &#8211; 1m"},"content":{"rendered":"","protected":false},"excerpt":{"rendered":"<p>Kotviace pozinkovan\u00e9 oce\u013eov\u00e9 lanko (O 8 mm) s okami, sp\u013a\u0148a normy EN 354, EN 795 (CE0082).<\/p>\n","protected":false},"featured_media":353560,"template":"","meta":{"_acf_changed":false,"inline_featured_image":false},"product_brand":[],"product_cat":[2153,2171,2128],"product_tag":[1246],"class_list":{"0":"post-353558","1":"product","2":"type-product","3":"status-publish","4":"has-post-thumbnail","6":"product_cat-ochrana-proti-padu","7":"product_cat-kotviace-zariadenia","8":"product_cat-ochranne-pomocky","9":"product_tag-lanex","10":"pa_velkost-uni","12":"first","13":"instock","14":"taxable","15":"shipping-taxable","16":"product-type-variable"},"acf":[],"_links":{"self":[{"href":"https:\/\/gajos.sk\/eshop\/wp-json\/wp\/v2\/product\/353558","targetHints":{"allow":["GET"]}}],"collection":[{"href":"https:\/\/gajos.sk\/eshop\/wp-json\/wp\/v2\/product"}],"about":[{"href":"https:\/\/gajos.sk\/eshop\/wp-json\/wp\/v2\/types\/product"}],"wp:featuredmedia":[{"embeddable":true,"href":"https:\/\/gajos.sk\/eshop\/wp-json\/wp\/v2\/media\/353560"}],"wp:attachment":[{"href":"https:\/\/gajos.sk\/eshop\/wp-json\/wp\/v2\/media?parent=353558"}],"wp:term":[{"taxonomy":"product_brand","embeddable":true,"href":"https:\/\/gajos.sk\/eshop\/wp-json\/wp\/v2\/product_brand?post=353558"},{"taxonomy":"product_cat","embeddable":true,"href":"https:\/\/gajos.sk\/eshop\/wp-json\/wp\/v2\/product_cat?post=353558"},{"taxonomy":"product_tag","embeddable":true,"href":"https:\/\/gajos.sk\/eshop\/wp-json\/wp\/v2\/product_tag?post=353558"}],"curies":[{"name":"wp","href":"https:\/\/api.w.org\/{rel}","templated":true}]}}