{"id":353554,"date":"2024-03-01T23:45:27","date_gmt":"2024-03-01T22:45:27","guid":{"rendered":"https:\/\/gajostest.a2hosted.com\/eshop\/cerva-kotviaca-slucka-polyamid\/"},"modified":"2026-05-07T21:55:58","modified_gmt":"2026-05-07T19:55:58","slug":"cerva-kotviaca-slucka-polyamid","status":"publish","type":"product","link":"https:\/\/gajos.sk\/eshop\/p\/cerva-kotviaca-slucka-polyamid\/","title":{"rendered":"CERVA Kotviaca slu\u010dka polyamid"},"content":{"rendered":"","protected":false},"excerpt":{"rendered":"<p>Kotevn\u00e1 slu\u010dka vyroben\u00e1 z polyesterov\u00e9ho popruhu 25mm s minim\u00e1lnou pevnos\u0165ou 22kN<\/p>\n","protected":false},"featured_media":353556,"template":"","meta":{"_acf_changed":false,"inline_featured_image":false},"product_brand":[],"product_cat":[2153,2171,2128],"product_tag":[1179],"class_list":{"0":"post-353554","1":"product","2":"type-product","3":"status-publish","4":"has-post-thumbnail","6":"product_cat-ochrana-proti-padu","7":"product_cat-kotviace-zariadenia","8":"product_cat-ochranne-pomocky","9":"product_tag-cerva","10":"pa_velkost-2-m","11":"pa_velkost-1-m","13":"first","14":"instock","15":"taxable","16":"shipping-taxable","17":"purchasable","18":"product-type-variable"},"acf":[],"_links":{"self":[{"href":"https:\/\/gajos.sk\/eshop\/wp-json\/wp\/v2\/product\/353554","targetHints":{"allow":["GET"]}}],"collection":[{"href":"https:\/\/gajos.sk\/eshop\/wp-json\/wp\/v2\/product"}],"about":[{"href":"https:\/\/gajos.sk\/eshop\/wp-json\/wp\/v2\/types\/product"}],"wp:featuredmedia":[{"embeddable":true,"href":"https:\/\/gajos.sk\/eshop\/wp-json\/wp\/v2\/media\/353556"}],"wp:attachment":[{"href":"https:\/\/gajos.sk\/eshop\/wp-json\/wp\/v2\/media?parent=353554"}],"wp:term":[{"taxonomy":"product_brand","embeddable":true,"href":"https:\/\/gajos.sk\/eshop\/wp-json\/wp\/v2\/product_brand?post=353554"},{"taxonomy":"product_cat","embeddable":true,"href":"https:\/\/gajos.sk\/eshop\/wp-json\/wp\/v2\/product_cat?post=353554"},{"taxonomy":"product_tag","embeddable":true,"href":"https:\/\/gajos.sk\/eshop\/wp-json\/wp\/v2\/product_tag?post=353554"}],"curies":[{"name":"wp","href":"https:\/\/api.w.org\/{rel}","templated":true}]}}