{"id":353548,"date":"2024-03-01T23:45:27","date_gmt":"2024-03-01T22:45:27","guid":{"rendered":"https:\/\/gajostest.a2hosted.com\/eshop\/zachranny-navijak-rup502-u\/"},"modified":"2026-04-20T00:57:53","modified_gmt":"2026-04-19T22:57:53","slug":"zachranny-navijak-rup502-u","status":"publish","type":"product","link":"https:\/\/gajos.sk\/eshop\/p\/zachranny-navijak-rup502-u\/","title":{"rendered":"Z\u00e1chrann\u00fd navij\u00e1k RUP502-U"},"content":{"rendered":"","protected":false},"excerpt":{"rendered":"<p>Evakua\u010dn\u00e9 zdv\u00edhacie a sp\u00fa\u0161\u0165acie zariadenie. S\u00fa\u010das\u0165 z\u00e1chrann\u00e9ho vybavenia. Pomocou zariadenia je mo\u017en\u00e9 zranen\u00e9ho zdvihn\u00fa\u0165 z ni\u017e\u0161ej do vy\u0161\u0161ej \u00farovne alebo spusti\u0165 z vy\u0161\u0161ej do ni\u017e\u0161ej \u00farovne. Pr\u00edpustn\u00e9 pracovn\u00e9 za\u0165a\u017eenie 140 kg.<\/p>\n","protected":false},"featured_media":353550,"template":"","meta":{"_acf_changed":false,"inline_featured_image":false},"product_brand":[],"product_cat":[2153,2171,2128],"product_tag":[1246],"class_list":{"0":"post-353548","1":"product","2":"type-product","3":"status-publish","4":"has-post-thumbnail","6":"product_cat-ochrana-proti-padu","7":"product_cat-kotviace-zariadenia","8":"product_cat-ochranne-pomocky","9":"product_tag-lanex","10":"pa_velkost-uni","12":"first","13":"instock","14":"taxable","15":"shipping-taxable","16":"purchasable","17":"product-type-variable"},"acf":[],"_links":{"self":[{"href":"https:\/\/gajos.sk\/eshop\/wp-json\/wp\/v2\/product\/353548","targetHints":{"allow":["GET"]}}],"collection":[{"href":"https:\/\/gajos.sk\/eshop\/wp-json\/wp\/v2\/product"}],"about":[{"href":"https:\/\/gajos.sk\/eshop\/wp-json\/wp\/v2\/types\/product"}],"wp:featuredmedia":[{"embeddable":true,"href":"https:\/\/gajos.sk\/eshop\/wp-json\/wp\/v2\/media\/353550"}],"wp:attachment":[{"href":"https:\/\/gajos.sk\/eshop\/wp-json\/wp\/v2\/media?parent=353548"}],"wp:term":[{"taxonomy":"product_brand","embeddable":true,"href":"https:\/\/gajos.sk\/eshop\/wp-json\/wp\/v2\/product_brand?post=353548"},{"taxonomy":"product_cat","embeddable":true,"href":"https:\/\/gajos.sk\/eshop\/wp-json\/wp\/v2\/product_cat?post=353548"},{"taxonomy":"product_tag","embeddable":true,"href":"https:\/\/gajos.sk\/eshop\/wp-json\/wp\/v2\/product_tag?post=353548"}],"curies":[{"name":"wp","href":"https:\/\/api.w.org\/{rel}","templated":true}]}}