{"id":353536,"date":"2024-03-01T23:45:20","date_gmt":"2024-03-01T22:45:20","guid":{"rendered":"https:\/\/gajostest.a2hosted.com\/eshop\/skylotec-vak-na-vybaveni-22l\/"},"modified":"2026-05-06T21:59:58","modified_gmt":"2026-05-06T19:59:58","slug":"skylotec-vak-na-vybaveni-22l","status":"publish","type":"product","link":"https:\/\/gajos.sk\/eshop\/p\/skylotec-vak-na-vybaveni-22l\/","title":{"rendered":"Skylotec Vak na vybaven\u00ed 22l"},"content":{"rendered":"","protected":false},"excerpt":{"rendered":"<p>Skylotec ROPE BAG 22 priemer: 300 mm nosnos\u0165: 15 kg objem: 22 l hmotnos\u0165: 0,32 kg transportn\u00fd vak z polyamidu na lano \u00d8 11 mm d\u013a\u017eky 50 m<\/p>\n","protected":false},"featured_media":353538,"template":"","meta":{"_acf_changed":false,"inline_featured_image":false},"product_brand":[],"product_cat":[2153,2570,2128],"product_tag":[1261],"class_list":{"0":"post-353536","1":"product","2":"type-product","3":"status-publish","4":"has-post-thumbnail","6":"product_cat-ochrana-proti-padu","7":"product_cat-prislusenstvo-ochrana-proti-padu","8":"product_cat-ochranne-pomocky","9":"product_tag-skylotec","10":"pa_velkost-uni","12":"first","13":"instock","14":"taxable","15":"shipping-taxable","16":"purchasable","17":"product-type-variable"},"acf":[],"_links":{"self":[{"href":"https:\/\/gajos.sk\/eshop\/wp-json\/wp\/v2\/product\/353536","targetHints":{"allow":["GET"]}}],"collection":[{"href":"https:\/\/gajos.sk\/eshop\/wp-json\/wp\/v2\/product"}],"about":[{"href":"https:\/\/gajos.sk\/eshop\/wp-json\/wp\/v2\/types\/product"}],"wp:featuredmedia":[{"embeddable":true,"href":"https:\/\/gajos.sk\/eshop\/wp-json\/wp\/v2\/media\/353538"}],"wp:attachment":[{"href":"https:\/\/gajos.sk\/eshop\/wp-json\/wp\/v2\/media?parent=353536"}],"wp:term":[{"taxonomy":"product_brand","embeddable":true,"href":"https:\/\/gajos.sk\/eshop\/wp-json\/wp\/v2\/product_brand?post=353536"},{"taxonomy":"product_cat","embeddable":true,"href":"https:\/\/gajos.sk\/eshop\/wp-json\/wp\/v2\/product_cat?post=353536"},{"taxonomy":"product_tag","embeddable":true,"href":"https:\/\/gajos.sk\/eshop\/wp-json\/wp\/v2\/product_tag?post=353536"}],"curies":[{"name":"wp","href":"https:\/\/api.w.org\/{rel}","templated":true}]}}