{"id":353520,"date":"2024-03-01T23:45:13","date_gmt":"2024-03-01T22:45:13","guid":{"rendered":"https:\/\/gajostest.a2hosted.com\/eshop\/kotviaca-svorka-ac-340\/"},"modified":"2026-04-11T17:51:49","modified_gmt":"2026-04-11T15:51:49","slug":"kotviaca-svorka-ac-340","status":"publish","type":"product","link":"https:\/\/gajos.sk\/eshop\/p\/kotviaca-svorka-ac-340\/","title":{"rendered":"kotviaca svorka AC 340"},"content":{"rendered":"","protected":false},"excerpt":{"rendered":"<p>Kotviaca svorka na r\u00f4zne typy oce\u013eov\u00fdch profilov. Istenie pre jednu osobu.<\/p>\n","protected":false},"featured_media":353522,"template":"","meta":{"_acf_changed":false,"inline_featured_image":false},"product_brand":[],"product_cat":[2153,2171,2128],"product_tag":[1246],"class_list":{"0":"post-353520","1":"product","2":"type-product","3":"status-publish","4":"has-post-thumbnail","6":"product_cat-ochrana-proti-padu","7":"product_cat-kotviace-zariadenia","8":"product_cat-ochranne-pomocky","9":"product_tag-lanex","10":"pa_velkost-uni","12":"first","13":"instock","14":"taxable","15":"shipping-taxable","16":"purchasable","17":"product-type-variable"},"acf":[],"_links":{"self":[{"href":"https:\/\/gajos.sk\/eshop\/wp-json\/wp\/v2\/product\/353520","targetHints":{"allow":["GET"]}}],"collection":[{"href":"https:\/\/gajos.sk\/eshop\/wp-json\/wp\/v2\/product"}],"about":[{"href":"https:\/\/gajos.sk\/eshop\/wp-json\/wp\/v2\/types\/product"}],"wp:featuredmedia":[{"embeddable":true,"href":"https:\/\/gajos.sk\/eshop\/wp-json\/wp\/v2\/media\/353522"}],"wp:attachment":[{"href":"https:\/\/gajos.sk\/eshop\/wp-json\/wp\/v2\/media?parent=353520"}],"wp:term":[{"taxonomy":"product_brand","embeddable":true,"href":"https:\/\/gajos.sk\/eshop\/wp-json\/wp\/v2\/product_brand?post=353520"},{"taxonomy":"product_cat","embeddable":true,"href":"https:\/\/gajos.sk\/eshop\/wp-json\/wp\/v2\/product_cat?post=353520"},{"taxonomy":"product_tag","embeddable":true,"href":"https:\/\/gajos.sk\/eshop\/wp-json\/wp\/v2\/product_tag?post=353520"}],"curies":[{"name":"wp","href":"https:\/\/api.w.org\/{rel}","templated":true}]}}