{"id":353508,"date":"2024-03-01T23:45:04","date_gmt":"2024-03-01T22:45:04","guid":{"rendered":"https:\/\/gajostest.a2hosted.com\/eshop\/cerva-ocel-karabina-oval-twist-lock-pois\/"},"modified":"2026-05-06T21:59:58","modified_gmt":"2026-05-06T19:59:58","slug":"cerva-ocel-karabina-oval-twist-lock-pois","status":"publish","type":"product","link":"https:\/\/gajos.sk\/eshop\/p\/cerva-ocel-karabina-oval-twist-lock-pois\/","title":{"rendered":"CERVA Ocel.karab\u00edna ov\u00e1l.twist lock pois"},"content":{"rendered":"","protected":false},"excerpt":{"rendered":"<p>Oce\u013eov\u00e1 ov\u00e1lna karab\u00edna s twist lock poistkou. Pevnos\u0165 25kN, otvorenie 19mm, v\u00e1ha: 0,17 Kg, rozmer: 59x110mm, CE EN362-B EN12275-H<\/p>\n","protected":false},"featured_media":353510,"template":"","meta":{"_acf_changed":false,"inline_featured_image":false},"product_brand":[],"product_cat":[2153,2128,2578],"product_tag":[1179],"class_list":{"0":"post-353508","1":"product","2":"type-product","3":"status-publish","4":"has-post-thumbnail","6":"product_cat-ochrana-proti-padu","7":"product_cat-ochranne-pomocky","8":"product_cat-karabiny","9":"product_tag-cerva","10":"pa_velkost-uni","12":"first","13":"instock","14":"taxable","15":"shipping-taxable","16":"product-type-variable"},"acf":[],"_links":{"self":[{"href":"https:\/\/gajos.sk\/eshop\/wp-json\/wp\/v2\/product\/353508","targetHints":{"allow":["GET"]}}],"collection":[{"href":"https:\/\/gajos.sk\/eshop\/wp-json\/wp\/v2\/product"}],"about":[{"href":"https:\/\/gajos.sk\/eshop\/wp-json\/wp\/v2\/types\/product"}],"wp:featuredmedia":[{"embeddable":true,"href":"https:\/\/gajos.sk\/eshop\/wp-json\/wp\/v2\/media\/353510"}],"wp:attachment":[{"href":"https:\/\/gajos.sk\/eshop\/wp-json\/wp\/v2\/media?parent=353508"}],"wp:term":[{"taxonomy":"product_brand","embeddable":true,"href":"https:\/\/gajos.sk\/eshop\/wp-json\/wp\/v2\/product_brand?post=353508"},{"taxonomy":"product_cat","embeddable":true,"href":"https:\/\/gajos.sk\/eshop\/wp-json\/wp\/v2\/product_cat?post=353508"},{"taxonomy":"product_tag","embeddable":true,"href":"https:\/\/gajos.sk\/eshop\/wp-json\/wp\/v2\/product_tag?post=353508"}],"curies":[{"name":"wp","href":"https:\/\/api.w.org\/{rel}","templated":true}]}}