{"id":353496,"date":"2024-03-01T23:43:58","date_gmt":"2024-03-01T22:43:58","guid":{"rendered":"https:\/\/gajostest.a2hosted.com\/eshop\/skylotec-karabina-d-double-o-tri\/"},"modified":"2026-04-11T17:51:49","modified_gmt":"2026-04-11T15:51:49","slug":"skylotec-karabina-d-double-o-tri","status":"publish","type":"product","link":"https:\/\/gajos.sk\/eshop\/p\/skylotec-karabina-d-double-o-tri\/","title":{"rendered":"Skylotec karab\u00edna D Double-O TRI"},"content":{"rendered":"","protected":false},"excerpt":{"rendered":"<p>Karab\u00edna Skylotec Double-O TRI normy: EN 12275-H:2013 EN 362:2008 hmotnos\u0165: 0,09 kg otvorenie: 21 mm CHARAKTERISTIKA: hlin\u00edkov\u00e1 karab\u00edna ov\u00e1lneho tvaru s triple lock poistkou obojstranne oto\u010dn\u00e1 s pevnos\u0165ou v hlavnej osi<\/p>\n","protected":false},"featured_media":353498,"template":"","meta":{"_acf_changed":false,"inline_featured_image":false},"product_brand":[],"product_cat":[2153,2128,2578],"product_tag":[1261],"class_list":{"0":"post-353496","1":"product","2":"type-product","3":"status-publish","4":"has-post-thumbnail","6":"product_cat-ochrana-proti-padu","7":"product_cat-ochranne-pomocky","8":"product_cat-karabiny","9":"product_tag-skylotec","10":"pa_velkost-uni","12":"first","13":"instock","14":"taxable","15":"shipping-taxable","16":"product-type-variable"},"acf":[],"_links":{"self":[{"href":"https:\/\/gajos.sk\/eshop\/wp-json\/wp\/v2\/product\/353496","targetHints":{"allow":["GET"]}}],"collection":[{"href":"https:\/\/gajos.sk\/eshop\/wp-json\/wp\/v2\/product"}],"about":[{"href":"https:\/\/gajos.sk\/eshop\/wp-json\/wp\/v2\/types\/product"}],"wp:featuredmedia":[{"embeddable":true,"href":"https:\/\/gajos.sk\/eshop\/wp-json\/wp\/v2\/media\/353498"}],"wp:attachment":[{"href":"https:\/\/gajos.sk\/eshop\/wp-json\/wp\/v2\/media?parent=353496"}],"wp:term":[{"taxonomy":"product_brand","embeddable":true,"href":"https:\/\/gajos.sk\/eshop\/wp-json\/wp\/v2\/product_brand?post=353496"},{"taxonomy":"product_cat","embeddable":true,"href":"https:\/\/gajos.sk\/eshop\/wp-json\/wp\/v2\/product_cat?post=353496"},{"taxonomy":"product_tag","embeddable":true,"href":"https:\/\/gajos.sk\/eshop\/wp-json\/wp\/v2\/product_tag?post=353496"}],"curies":[{"name":"wp","href":"https:\/\/api.w.org\/{rel}","templated":true}]}}