{"id":353493,"date":"2024-03-01T23:43:58","date_gmt":"2024-03-01T22:43:58","guid":{"rendered":"https:\/\/gajostest.a2hosted.com\/eshop\/ocel-karabina-ovalna-twist-lock-poistka\/"},"modified":"2026-04-20T00:57:53","modified_gmt":"2026-04-19T22:57:53","slug":"ocel-karabina-ovalna-twist-lock-poistka","status":"publish","type":"product","link":"https:\/\/gajos.sk\/eshop\/p\/ocel-karabina-ovalna-twist-lock-poistka\/","title":{"rendered":"Ocel.karab\u00edna ov\u00e1lna twist lock poistka"},"content":{"rendered":"","protected":false},"excerpt":{"rendered":"<p>Karab\u00edna Bezpe\u010dnos\u0165 proti p\u00e1du FS 33500 ov\u00e1lny oce\u013eov\u00fd z\u00e1krutov\u00fd z\u00e1mok<\/p>\n","protected":false},"featured_media":353495,"template":"","meta":{"_acf_changed":false,"inline_featured_image":false},"product_brand":[],"product_cat":[2153,2128,2578],"product_tag":[1293],"class_list":{"0":"post-353493","1":"product","2":"type-product","3":"status-publish","4":"has-post-thumbnail","6":"product_cat-ochrana-proti-padu","7":"product_cat-ochranne-pomocky","8":"product_cat-karabiny","9":"product_tag-fallsafe","10":"pa_velkost-uni","12":"first","13":"instock","14":"taxable","15":"shipping-taxable","16":"purchasable","17":"product-type-variable"},"acf":[],"_links":{"self":[{"href":"https:\/\/gajos.sk\/eshop\/wp-json\/wp\/v2\/product\/353493","targetHints":{"allow":["GET"]}}],"collection":[{"href":"https:\/\/gajos.sk\/eshop\/wp-json\/wp\/v2\/product"}],"about":[{"href":"https:\/\/gajos.sk\/eshop\/wp-json\/wp\/v2\/types\/product"}],"wp:featuredmedia":[{"embeddable":true,"href":"https:\/\/gajos.sk\/eshop\/wp-json\/wp\/v2\/media\/353495"}],"wp:attachment":[{"href":"https:\/\/gajos.sk\/eshop\/wp-json\/wp\/v2\/media?parent=353493"}],"wp:term":[{"taxonomy":"product_brand","embeddable":true,"href":"https:\/\/gajos.sk\/eshop\/wp-json\/wp\/v2\/product_brand?post=353493"},{"taxonomy":"product_cat","embeddable":true,"href":"https:\/\/gajos.sk\/eshop\/wp-json\/wp\/v2\/product_cat?post=353493"},{"taxonomy":"product_tag","embeddable":true,"href":"https:\/\/gajos.sk\/eshop\/wp-json\/wp\/v2\/product_tag?post=353493"}],"curies":[{"name":"wp","href":"https:\/\/api.w.org\/{rel}","templated":true}]}}