{"id":353487,"date":"2024-03-01T23:43:58","date_gmt":"2024-03-01T22:43:58","guid":{"rendered":"https:\/\/gajostest.a2hosted.com\/eshop\/karabina-412-yz\/"},"modified":"2026-04-11T17:51:49","modified_gmt":"2026-04-11T15:51:49","slug":"karabina-412-yz","status":"publish","type":"product","link":"https:\/\/gajos.sk\/eshop\/p\/karabina-412-yz\/","title":{"rendered":"Karabina 412.YZ"},"content":{"rendered":"","protected":false},"excerpt":{"rendered":"<p>Karab\u00edna Kong oce\u013eov\u00e1 ov\u00e1lna 412.YZ autoblok- 3 pohyby na otvorenie 40kN<\/p>\n","protected":false},"featured_media":353489,"template":"","meta":{"_acf_changed":false,"inline_featured_image":false},"product_brand":[],"product_cat":[2153,2128,2578],"product_tag":[1246],"class_list":{"0":"post-353487","1":"product","2":"type-product","3":"status-publish","4":"has-post-thumbnail","6":"product_cat-ochrana-proti-padu","7":"product_cat-ochranne-pomocky","8":"product_cat-karabiny","9":"product_tag-lanex","10":"pa_velkost-uni","12":"first","13":"instock","14":"taxable","15":"shipping-taxable","16":"product-type-variable"},"acf":[],"_links":{"self":[{"href":"https:\/\/gajos.sk\/eshop\/wp-json\/wp\/v2\/product\/353487","targetHints":{"allow":["GET"]}}],"collection":[{"href":"https:\/\/gajos.sk\/eshop\/wp-json\/wp\/v2\/product"}],"about":[{"href":"https:\/\/gajos.sk\/eshop\/wp-json\/wp\/v2\/types\/product"}],"wp:featuredmedia":[{"embeddable":true,"href":"https:\/\/gajos.sk\/eshop\/wp-json\/wp\/v2\/media\/353489"}],"wp:attachment":[{"href":"https:\/\/gajos.sk\/eshop\/wp-json\/wp\/v2\/media?parent=353487"}],"wp:term":[{"taxonomy":"product_brand","embeddable":true,"href":"https:\/\/gajos.sk\/eshop\/wp-json\/wp\/v2\/product_brand?post=353487"},{"taxonomy":"product_cat","embeddable":true,"href":"https:\/\/gajos.sk\/eshop\/wp-json\/wp\/v2\/product_cat?post=353487"},{"taxonomy":"product_tag","embeddable":true,"href":"https:\/\/gajos.sk\/eshop\/wp-json\/wp\/v2\/product_tag?post=353487"}],"curies":[{"name":"wp","href":"https:\/\/api.w.org\/{rel}","templated":true}]}}