{"id":353432,"date":"2024-03-01T23:43:30","date_gmt":"2024-03-01T22:43:30","guid":{"rendered":"https:\/\/gajostest.a2hosted.com\/eshop\/static-lano-105\/"},"modified":"2026-04-20T00:57:53","modified_gmt":"2026-04-19T22:57:53","slug":"static-lano-105","status":"publish","type":"product","link":"https:\/\/gajos.sk\/eshop\/p\/static-lano-105\/","title":{"rendered":"STATIC lano 10,5"},"content":{"rendered":"","protected":false},"excerpt":{"rendered":"<p>Bezpe\u010dn\u00e9 lano s n\u00edzkou prie\u0165a\u017enos\u0165ou a vysokou pevnos\u0165ou vhodn\u00e9 najm\u00e4 na v\u00fd\u0161kov\u00e9 pr\u00e1ce. Priemer 10,5 0807 0013 80 130 30 m, 0807 0013 80 140 40 m, 0807 0013 80 150 50 m, 0807 0013 80 160 60 m<\/p>\n","protected":false},"featured_media":353434,"template":"","meta":{"_acf_changed":false,"inline_featured_image":false},"product_brand":[],"product_cat":[2153,2128,2575],"product_tag":[1246],"class_list":{"0":"post-353432","1":"product","2":"type-product","3":"status-publish","4":"has-post-thumbnail","6":"product_cat-ochrana-proti-padu","7":"product_cat-ochranne-pomocky","8":"product_cat-lanovy-pristup-a-zachrana","9":"product_tag-lanex","10":"pa_farba-biela","11":"pa_velkost-50-m","12":"pa_velkost-40-m","13":"pa_velkost-30-m","14":"pa_velkost-60-m","16":"first","17":"instock","18":"taxable","19":"shipping-taxable","20":"purchasable","21":"product-type-variable"},"acf":[],"_links":{"self":[{"href":"https:\/\/gajos.sk\/eshop\/wp-json\/wp\/v2\/product\/353432","targetHints":{"allow":["GET"]}}],"collection":[{"href":"https:\/\/gajos.sk\/eshop\/wp-json\/wp\/v2\/product"}],"about":[{"href":"https:\/\/gajos.sk\/eshop\/wp-json\/wp\/v2\/types\/product"}],"wp:featuredmedia":[{"embeddable":true,"href":"https:\/\/gajos.sk\/eshop\/wp-json\/wp\/v2\/media\/353434"}],"wp:attachment":[{"href":"https:\/\/gajos.sk\/eshop\/wp-json\/wp\/v2\/media?parent=353432"}],"wp:term":[{"taxonomy":"product_brand","embeddable":true,"href":"https:\/\/gajos.sk\/eshop\/wp-json\/wp\/v2\/product_brand?post=353432"},{"taxonomy":"product_cat","embeddable":true,"href":"https:\/\/gajos.sk\/eshop\/wp-json\/wp\/v2\/product_cat?post=353432"},{"taxonomy":"product_tag","embeddable":true,"href":"https:\/\/gajos.sk\/eshop\/wp-json\/wp\/v2\/product_tag?post=353432"}],"curies":[{"name":"wp","href":"https:\/\/api.w.org\/{rel}","templated":true}]}}