{"id":353415,"date":"2024-03-01T23:43:24","date_gmt":"2024-03-01T22:43:24","guid":{"rendered":"https:\/\/gajostest.a2hosted.com\/eshop\/cerva-chimango-2-tlmic-padulanokarab\/"},"modified":"2026-05-06T21:59:58","modified_gmt":"2026-05-06T19:59:58","slug":"cerva-chimango-2-tlmic-padulanokarab","status":"publish","type":"product","link":"https:\/\/gajos.sk\/eshop\/p\/cerva-chimango-2-tlmic-padulanokarab\/","title":{"rendered":"CERVA CHIMANGO 2 tlmi\u010d p\u00e1du+lano+karab."},"content":{"rendered":"","protected":false},"excerpt":{"rendered":"<p>CHIMANGO je vyroben\u00fd z 27mm polyesterov\u00e9ho popruhu a tlmi\u010da energie, ktor\u00fd obmedzuje silu n\u00e1razu pod 6 kN. Fyzicky sp\u00e1ja u\u017e\u00edvate\u013ea so \u0161trukt\u00farou pracoviska a zastavuje vo\u013en\u00fd p\u00e1d u\u017e\u00edvate\u013ea. Otvorenie karab\u00edn 56mm<\/p>\n<p>\u0160PECIFIK\u00c1CIAMaterial: Steel | Polyester<br \/>\nMaximum load: 120kg<\/p>\n<p>D\u013a\u017eka:1.5m<br \/>\nV\u00e1ha: 1.5kg<\/p>\n<p>EN354 EN355<\/p>\n","protected":false},"featured_media":353417,"template":"","meta":{"_acf_changed":false,"inline_featured_image":false},"product_brand":[],"product_cat":[2153,2566,2128],"product_tag":[1179],"class_list":{"0":"post-353415","1":"product","2":"type-product","3":"status-publish","4":"has-post-thumbnail","6":"product_cat-ochrana-proti-padu","7":"product_cat-tlmice-narazu","8":"product_cat-ochranne-pomocky","9":"product_tag-cerva","10":"pa_velkost-uni","12":"first","13":"instock","14":"taxable","15":"shipping-taxable","16":"purchasable","17":"product-type-variable"},"acf":[],"_links":{"self":[{"href":"https:\/\/gajos.sk\/eshop\/wp-json\/wp\/v2\/product\/353415","targetHints":{"allow":["GET"]}}],"collection":[{"href":"https:\/\/gajos.sk\/eshop\/wp-json\/wp\/v2\/product"}],"about":[{"href":"https:\/\/gajos.sk\/eshop\/wp-json\/wp\/v2\/types\/product"}],"wp:featuredmedia":[{"embeddable":true,"href":"https:\/\/gajos.sk\/eshop\/wp-json\/wp\/v2\/media\/353417"}],"wp:attachment":[{"href":"https:\/\/gajos.sk\/eshop\/wp-json\/wp\/v2\/media?parent=353415"}],"wp:term":[{"taxonomy":"product_brand","embeddable":true,"href":"https:\/\/gajos.sk\/eshop\/wp-json\/wp\/v2\/product_brand?post=353415"},{"taxonomy":"product_cat","embeddable":true,"href":"https:\/\/gajos.sk\/eshop\/wp-json\/wp\/v2\/product_cat?post=353415"},{"taxonomy":"product_tag","embeddable":true,"href":"https:\/\/gajos.sk\/eshop\/wp-json\/wp\/v2\/product_tag?post=353415"}],"curies":[{"name":"wp","href":"https:\/\/api.w.org\/{rel}","templated":true}]}}