{"id":353386,"date":"2024-03-01T23:43:04","date_gmt":"2024-03-01T22:43:04","guid":{"rendered":"https:\/\/gajostest.a2hosted.com\/eshop\/tlumic-padu-16m-dvojity2karabiny-100mm\/"},"modified":"2026-05-06T21:59:58","modified_gmt":"2026-05-06T19:59:58","slug":"tlumic-padu-16m-dvojity2karabiny-100mm","status":"publish","type":"product","link":"https:\/\/gajos.sk\/eshop\/p\/tlumic-padu-16m-dvojity2karabiny-100mm\/","title":{"rendered":"Tlumi\u010d p\u00e1du 1,6m dvojit\u00fd,2karabiny 100mm"},"content":{"rendered":"","protected":false},"excerpt":{"rendered":"<p>Tlmi\u010d p\u00e1du s dvoma lanami a karab\u00ednov\u00fdmi h\u00e1kmi. Tlmi\u010d je mo\u017en\u00e9 pou\u017ei\u0165 na v\u00fdstup po kon\u0161trukci\u00e1ch, st\u013apoch a rebr\u00edkoch. EN 355 karab\u00edna na tlmi\u010di a h\u00e1ky s otvoren\u00edm 100mm na lan\u00e1ch<\/p>\n","protected":false},"featured_media":353388,"template":"","meta":{"_acf_changed":false,"inline_featured_image":false},"product_brand":[],"product_cat":[2153,2566,2128],"product_tag":[1246],"class_list":{"0":"post-353386","1":"product","2":"type-product","3":"status-publish","4":"has-post-thumbnail","6":"product_cat-ochrana-proti-padu","7":"product_cat-tlmice-narazu","8":"product_cat-ochranne-pomocky","9":"product_tag-lanex","10":"pa_velkost-uni","12":"first","13":"instock","14":"taxable","15":"shipping-taxable","16":"product-type-variable"},"acf":[],"_links":{"self":[{"href":"https:\/\/gajos.sk\/eshop\/wp-json\/wp\/v2\/product\/353386","targetHints":{"allow":["GET"]}}],"collection":[{"href":"https:\/\/gajos.sk\/eshop\/wp-json\/wp\/v2\/product"}],"about":[{"href":"https:\/\/gajos.sk\/eshop\/wp-json\/wp\/v2\/types\/product"}],"wp:featuredmedia":[{"embeddable":true,"href":"https:\/\/gajos.sk\/eshop\/wp-json\/wp\/v2\/media\/353388"}],"wp:attachment":[{"href":"https:\/\/gajos.sk\/eshop\/wp-json\/wp\/v2\/media?parent=353386"}],"wp:term":[{"taxonomy":"product_brand","embeddable":true,"href":"https:\/\/gajos.sk\/eshop\/wp-json\/wp\/v2\/product_brand?post=353386"},{"taxonomy":"product_cat","embeddable":true,"href":"https:\/\/gajos.sk\/eshop\/wp-json\/wp\/v2\/product_cat?post=353386"},{"taxonomy":"product_tag","embeddable":true,"href":"https:\/\/gajos.sk\/eshop\/wp-json\/wp\/v2\/product_tag?post=353386"}],"curies":[{"name":"wp","href":"https:\/\/api.w.org\/{rel}","templated":true}]}}