{"id":353383,"date":"2024-03-01T23:43:04","date_gmt":"2024-03-01T22:43:04","guid":{"rendered":"https:\/\/gajostest.a2hosted.com\/eshop\/tlumic-padu-16m-dvojity2karabiny-56mm\/"},"modified":"2026-04-14T22:50:24","modified_gmt":"2026-04-14T20:50:24","slug":"tlumic-padu-16m-dvojity2karabiny-56mm","status":"publish","type":"product","link":"https:\/\/gajos.sk\/eshop\/p\/tlumic-padu-16m-dvojity2karabiny-56mm\/","title":{"rendered":"Tlumi\u010d p\u00e1du 1,6m dvojit\u00fd,2karabiny 56mm"},"content":{"rendered":"","protected":false},"excerpt":{"rendered":"<p>Tlmi\u010d p\u00e1du s dvoma lanami a karab\u00ednov\u00fdmi h\u00e1kmi. Tlmi\u010d mo\u017eno pou\u017ei\u0165 pre v\u00fdstup po kon\u0161trukci\u00e1ch, st\u013apoch a rebr\u00edkoch. EN 355 (CE 0082).<\/p>\n","protected":false},"featured_media":353385,"template":"","meta":{"_acf_changed":false,"inline_featured_image":false},"product_brand":[],"product_cat":[2153,2566,2128],"product_tag":[1246],"class_list":{"0":"post-353383","1":"product","2":"type-product","3":"status-publish","4":"has-post-thumbnail","6":"product_cat-ochrana-proti-padu","7":"product_cat-tlmice-narazu","8":"product_cat-ochranne-pomocky","9":"product_tag-lanex","10":"pa_velkost-uni","12":"first","13":"instock","14":"taxable","15":"shipping-taxable","16":"purchasable","17":"product-type-variable"},"acf":[],"_links":{"self":[{"href":"https:\/\/gajos.sk\/eshop\/wp-json\/wp\/v2\/product\/353383","targetHints":{"allow":["GET"]}}],"collection":[{"href":"https:\/\/gajos.sk\/eshop\/wp-json\/wp\/v2\/product"}],"about":[{"href":"https:\/\/gajos.sk\/eshop\/wp-json\/wp\/v2\/types\/product"}],"wp:featuredmedia":[{"embeddable":true,"href":"https:\/\/gajos.sk\/eshop\/wp-json\/wp\/v2\/media\/353385"}],"wp:attachment":[{"href":"https:\/\/gajos.sk\/eshop\/wp-json\/wp\/v2\/media?parent=353383"}],"wp:term":[{"taxonomy":"product_brand","embeddable":true,"href":"https:\/\/gajos.sk\/eshop\/wp-json\/wp\/v2\/product_brand?post=353383"},{"taxonomy":"product_cat","embeddable":true,"href":"https:\/\/gajos.sk\/eshop\/wp-json\/wp\/v2\/product_cat?post=353383"},{"taxonomy":"product_tag","embeddable":true,"href":"https:\/\/gajos.sk\/eshop\/wp-json\/wp\/v2\/product_tag?post=353383"}],"curies":[{"name":"wp","href":"https:\/\/api.w.org\/{rel}","templated":true}]}}