{"id":353374,"date":"2024-03-01T23:43:04","date_gmt":"2024-03-01T22:43:04","guid":{"rendered":"https:\/\/gajostest.a2hosted.com\/eshop\/spoj-prostr-s-abm-l-s-karabinami-18m\/"},"modified":"2026-04-29T22:09:07","modified_gmt":"2026-04-29T20:09:07","slug":"spoj-prostr-s-abm-l-s-karabinami-18m","status":"publish","type":"product","link":"https:\/\/gajos.sk\/eshop\/p\/spoj-prostr-s-abm-l-s-karabinami-18m\/","title":{"rendered":"Spoj. prost\u0159. s ABM L s karabinami-1,8m"},"content":{"rendered":"","protected":false},"excerpt":{"rendered":"<p>Tlmi\u010d p\u00e1du s PA spletan\u00fdm 1,8 m dlh\u00fdm lanom (O 10,5 mm), ov\u00e1lnou karab\u00ednou na tlmi\u010di a lane, sp\u013a\u0148a normu EN 355 (CE 0082).<\/p>\n","protected":false},"featured_media":353376,"template":"","meta":{"_acf_changed":false,"inline_featured_image":false},"product_brand":[],"product_cat":[2153,2566,2128],"product_tag":[1246],"class_list":{"0":"post-353374","1":"product","2":"type-product","3":"status-publish","4":"has-post-thumbnail","6":"product_cat-ochrana-proti-padu","7":"product_cat-tlmice-narazu","8":"product_cat-ochranne-pomocky","9":"product_tag-lanex","10":"pa_velkost-uni","12":"first","13":"instock","14":"taxable","15":"shipping-taxable","16":"purchasable","17":"product-type-variable"},"acf":[],"_links":{"self":[{"href":"https:\/\/gajos.sk\/eshop\/wp-json\/wp\/v2\/product\/353374","targetHints":{"allow":["GET"]}}],"collection":[{"href":"https:\/\/gajos.sk\/eshop\/wp-json\/wp\/v2\/product"}],"about":[{"href":"https:\/\/gajos.sk\/eshop\/wp-json\/wp\/v2\/types\/product"}],"wp:featuredmedia":[{"embeddable":true,"href":"https:\/\/gajos.sk\/eshop\/wp-json\/wp\/v2\/media\/353376"}],"wp:attachment":[{"href":"https:\/\/gajos.sk\/eshop\/wp-json\/wp\/v2\/media?parent=353374"}],"wp:term":[{"taxonomy":"product_brand","embeddable":true,"href":"https:\/\/gajos.sk\/eshop\/wp-json\/wp\/v2\/product_brand?post=353374"},{"taxonomy":"product_cat","embeddable":true,"href":"https:\/\/gajos.sk\/eshop\/wp-json\/wp\/v2\/product_cat?post=353374"},{"taxonomy":"product_tag","embeddable":true,"href":"https:\/\/gajos.sk\/eshop\/wp-json\/wp\/v2\/product_tag?post=353374"}],"curies":[{"name":"wp","href":"https:\/\/api.w.org\/{rel}","templated":true}]}}