{"id":353365,"date":"2024-03-01T23:41:58","date_gmt":"2024-03-01T22:41:58","guid":{"rendered":"https:\/\/gajostest.a2hosted.com\/eshop\/tlmic-padu-abm\/"},"modified":"2026-04-20T00:57:52","modified_gmt":"2026-04-19T22:57:52","slug":"tlmic-padu-abm","status":"publish","type":"product","link":"https:\/\/gajos.sk\/eshop\/p\/tlmic-padu-abm\/","title":{"rendered":"tlmi\u010d p\u00e1du ABM"},"content":{"rendered":"","protected":false},"excerpt":{"rendered":"<p>Samostatn\u00fd tlmi\u010d p\u00e1du ABM d\u013a\u017eka 25cm<\/p>\n","protected":false},"featured_media":353367,"template":"","meta":{"_acf_changed":false,"inline_featured_image":false},"product_brand":[],"product_cat":[2153,2566,2128],"product_tag":[1246],"class_list":{"0":"post-353365","1":"product","2":"type-product","3":"status-publish","4":"has-post-thumbnail","6":"product_cat-ochrana-proti-padu","7":"product_cat-tlmice-narazu","8":"product_cat-ochranne-pomocky","9":"product_tag-lanex","10":"pa_velkost-uni","12":"first","13":"instock","14":"taxable","15":"shipping-taxable","16":"product-type-variable"},"acf":[],"_links":{"self":[{"href":"https:\/\/gajos.sk\/eshop\/wp-json\/wp\/v2\/product\/353365","targetHints":{"allow":["GET"]}}],"collection":[{"href":"https:\/\/gajos.sk\/eshop\/wp-json\/wp\/v2\/product"}],"about":[{"href":"https:\/\/gajos.sk\/eshop\/wp-json\/wp\/v2\/types\/product"}],"wp:featuredmedia":[{"embeddable":true,"href":"https:\/\/gajos.sk\/eshop\/wp-json\/wp\/v2\/media\/353367"}],"wp:attachment":[{"href":"https:\/\/gajos.sk\/eshop\/wp-json\/wp\/v2\/media?parent=353365"}],"wp:term":[{"taxonomy":"product_brand","embeddable":true,"href":"https:\/\/gajos.sk\/eshop\/wp-json\/wp\/v2\/product_brand?post=353365"},{"taxonomy":"product_cat","embeddable":true,"href":"https:\/\/gajos.sk\/eshop\/wp-json\/wp\/v2\/product_cat?post=353365"},{"taxonomy":"product_tag","embeddable":true,"href":"https:\/\/gajos.sk\/eshop\/wp-json\/wp\/v2\/product_tag?post=353365"}],"curies":[{"name":"wp","href":"https:\/\/api.w.org\/{rel}","templated":true}]}}