{"id":353361,"date":"2024-03-01T23:41:58","date_gmt":"2024-03-01T22:41:58","guid":{"rendered":"https:\/\/gajostest.a2hosted.com\/eshop\/cerva-branta-1-zachyc-lanotlmic\/"},"modified":"2026-05-06T21:59:58","modified_gmt":"2026-05-06T19:59:58","slug":"cerva-branta-1-zachyc-lanotlmic","status":"publish","type":"product","link":"https:\/\/gajos.sk\/eshop\/p\/cerva-branta-1-zachyc-lanotlmic\/","title":{"rendered":"CERVA BRANTA 1 zachyc.,lano,tlmi\u010d"},"content":{"rendered":"","protected":false},"excerpt":{"rendered":"<p>&#8222;Cerva Branta je syst\u00e9m zachytenia p\u00e1du zlo\u017een\u00fd z 11mm polyamidov\u00e9ho lana, mechanick\u00e9ho lanov\u00e9ho zachyt\u00e1va\u010da vyroben\u00e9ho z vysokopevnostnej ocele a polyesterov\u00e9ho absorb\u00e9ra energie.<\/p>\n<p>\u0160PECIFIK\u00c1CIA<br \/>\nMateri\u00e1l: oce\u013e | Polyamid | Polyester<br \/>\nMaxim\u00e1lna nosnos\u0165: 120 kg<\/p>\n<p>D\u013a\u017eka: 10m | 20m<br \/>\nHmotnos\u0165: 2,00 kg | 3,70 kg<\/p>\n<p>CE EN353-2<br \/>\n&#8222;<\/p>\n","protected":false},"featured_media":353363,"template":"","meta":{"_acf_changed":false,"inline_featured_image":false},"product_brand":[],"product_cat":[2153,2556,2128],"product_tag":[1179],"class_list":{"0":"post-353361","1":"product","2":"type-product","3":"status-publish","4":"has-post-thumbnail","6":"product_cat-ochrana-proti-padu","7":"product_cat-zachytavac-padu","8":"product_cat-ochranne-pomocky","9":"product_tag-cerva","10":"pa_velkost-20-m","11":"pa_velkost-10-m","13":"first","14":"instock","15":"taxable","16":"shipping-taxable","17":"purchasable","18":"product-type-variable"},"acf":[],"_links":{"self":[{"href":"https:\/\/gajos.sk\/eshop\/wp-json\/wp\/v2\/product\/353361","targetHints":{"allow":["GET"]}}],"collection":[{"href":"https:\/\/gajos.sk\/eshop\/wp-json\/wp\/v2\/product"}],"about":[{"href":"https:\/\/gajos.sk\/eshop\/wp-json\/wp\/v2\/types\/product"}],"wp:featuredmedia":[{"embeddable":true,"href":"https:\/\/gajos.sk\/eshop\/wp-json\/wp\/v2\/media\/353363"}],"wp:attachment":[{"href":"https:\/\/gajos.sk\/eshop\/wp-json\/wp\/v2\/media?parent=353361"}],"wp:term":[{"taxonomy":"product_brand","embeddable":true,"href":"https:\/\/gajos.sk\/eshop\/wp-json\/wp\/v2\/product_brand?post=353361"},{"taxonomy":"product_cat","embeddable":true,"href":"https:\/\/gajos.sk\/eshop\/wp-json\/wp\/v2\/product_cat?post=353361"},{"taxonomy":"product_tag","embeddable":true,"href":"https:\/\/gajos.sk\/eshop\/wp-json\/wp\/v2\/product_tag?post=353361"}],"curies":[{"name":"wp","href":"https:\/\/api.w.org\/{rel}","templated":true}]}}