{"id":353357,"date":"2024-03-01T23:41:53","date_gmt":"2024-03-01T22:41:53","guid":{"rendered":"https:\/\/gajostest.a2hosted.com\/eshop\/samonavijeci-zachycovac-cr250-vertikalni\/"},"modified":"2026-04-29T22:09:07","modified_gmt":"2026-04-29T20:09:07","slug":"samonavijaci-zachytavac-cr250-vertikalny","status":"publish","type":"product","link":"https:\/\/gajos.sk\/eshop\/p\/samonavijaci-zachytavac-cr250-vertikalny\/","title":{"rendered":"Samonav\u00edjac\u00ed zachyt\u00e1va\u010d CR250 vertik\u00e1lny"},"content":{"rendered":"","protected":false},"excerpt":{"rendered":"<p>Samonav\u00edjac\u00ed zachyt\u00e1va\u010d pre vertik\u00e1lny pohyb.<\/p>\n<p>D\u013a\u017eka od 6 do 15 m.<br \/>\nMateri\u00e1l krytu: kompozitn\u00fd plast.<br \/>\nMateri\u00e1l mechanizmu a lanka: pozinkovan\u00e1 oce\u013e.<br \/>\nMaxim\u00e1lna hmotnos\u0165 pracovn\u00edka: 140 kg.<br \/>\nHmotnos\u0165: 3,9 &#8211; 4,9 kg.<br \/>\nNorma: EN 360<\/p>\n","protected":false},"featured_media":353359,"template":"","meta":{"_acf_changed":false,"inline_featured_image":false},"product_brand":[],"product_cat":[2153,2556,2128],"product_tag":[1246],"class_list":{"0":"post-353357","1":"product","2":"type-product","3":"status-publish","4":"has-post-thumbnail","6":"product_cat-ochrana-proti-padu","7":"product_cat-zachytavac-padu","8":"product_cat-ochranne-pomocky","9":"product_tag-lanex","10":"pa_velkost-15-m","11":"pa_velkost-10-m","12":"pa_velkost-6-m","14":"first","15":"instock","16":"taxable","17":"shipping-taxable","18":"purchasable","19":"product-type-variable"},"acf":[],"_links":{"self":[{"href":"https:\/\/gajos.sk\/eshop\/wp-json\/wp\/v2\/product\/353357","targetHints":{"allow":["GET"]}}],"collection":[{"href":"https:\/\/gajos.sk\/eshop\/wp-json\/wp\/v2\/product"}],"about":[{"href":"https:\/\/gajos.sk\/eshop\/wp-json\/wp\/v2\/types\/product"}],"wp:featuredmedia":[{"embeddable":true,"href":"https:\/\/gajos.sk\/eshop\/wp-json\/wp\/v2\/media\/353359"}],"wp:attachment":[{"href":"https:\/\/gajos.sk\/eshop\/wp-json\/wp\/v2\/media?parent=353357"}],"wp:term":[{"taxonomy":"product_brand","embeddable":true,"href":"https:\/\/gajos.sk\/eshop\/wp-json\/wp\/v2\/product_brand?post=353357"},{"taxonomy":"product_cat","embeddable":true,"href":"https:\/\/gajos.sk\/eshop\/wp-json\/wp\/v2\/product_cat?post=353357"},{"taxonomy":"product_tag","embeddable":true,"href":"https:\/\/gajos.sk\/eshop\/wp-json\/wp\/v2\/product_tag?post=353357"}],"curies":[{"name":"wp","href":"https:\/\/api.w.org\/{rel}","templated":true}]}}