{"id":353352,"date":"2024-03-01T23:41:53","date_gmt":"2024-03-01T22:41:53","guid":{"rendered":"https:\/\/gajostest.a2hosted.com\/eshop\/samonavijeci-zachycovac-vert-horiz\/"},"modified":"2026-04-14T22:50:20","modified_gmt":"2026-04-14T20:50:20","slug":"samonavijeci-zachycovac-vert-horiz","status":"publish","type":"product","link":"https:\/\/gajos.sk\/eshop\/p\/samonavijeci-zachycovac-vert-horiz\/","title":{"rendered":"Samonav\u00edjec\u00ed zachycova\u010d vert.-horiz."},"content":{"rendered":"","protected":false},"excerpt":{"rendered":"<p>CR 250 HV normy: EN 360 certifik\u00e1cia na p\u00e1d cez ostr\u00fa hranu d\u013a\u017eka: 6 m, 8 m, 11 m nosnos\u0165: 120 kg hmotnos\u0165: 4,8 kg, 5,0 kg, 5,5 kg Horizont\u00e1lne a vertik\u00e1lne pou\u017eitie bez nutnosti pou\u017ei\u0165 dodato\u010dn\u00fd tlmi\u010d p\u00e1du CHARAKTERISTIKA: za\u0165ahovac\u00ed zachyt\u00e1va\u010d p\u00e1du s oce\u013eov\u00fdm lankom 5 mm, telo zachyt\u00e1va\u010da m\u00e1 rukov\u00e4\u0165, oto\u010dn\u00e9 kotviace oko, indik\u00e1tor p\u00e1du na karab\u00edne AZ 002AS (otvorenie 24 mm)max. brzdn\u00e1 sila na zachytenie p\u00e1du 6 kN POU\u017dITIE: oce\u013eov\u00e9 kon\u0161trukcie, strechy<\/p>\n","protected":false},"featured_media":353354,"template":"","meta":{"_acf_changed":false,"inline_featured_image":false},"product_brand":[],"product_cat":[2153,2556,2128],"product_tag":[1246],"class_list":{"0":"post-353352","1":"product","2":"type-product","3":"status-publish","4":"has-post-thumbnail","6":"product_cat-ochrana-proti-padu","7":"product_cat-zachytavac-padu","8":"product_cat-ochranne-pomocky","9":"product_tag-lanex","10":"pa_velkost-6-m","11":"pa_velkost-8-m","12":"pa_velkost-11-m","14":"first","15":"instock","16":"taxable","17":"shipping-taxable","18":"purchasable","19":"product-type-variable"},"acf":[],"_links":{"self":[{"href":"https:\/\/gajos.sk\/eshop\/wp-json\/wp\/v2\/product\/353352","targetHints":{"allow":["GET"]}}],"collection":[{"href":"https:\/\/gajos.sk\/eshop\/wp-json\/wp\/v2\/product"}],"about":[{"href":"https:\/\/gajos.sk\/eshop\/wp-json\/wp\/v2\/types\/product"}],"wp:featuredmedia":[{"embeddable":true,"href":"https:\/\/gajos.sk\/eshop\/wp-json\/wp\/v2\/media\/353354"}],"wp:attachment":[{"href":"https:\/\/gajos.sk\/eshop\/wp-json\/wp\/v2\/media?parent=353352"}],"wp:term":[{"taxonomy":"product_brand","embeddable":true,"href":"https:\/\/gajos.sk\/eshop\/wp-json\/wp\/v2\/product_brand?post=353352"},{"taxonomy":"product_cat","embeddable":true,"href":"https:\/\/gajos.sk\/eshop\/wp-json\/wp\/v2\/product_cat?post=353352"},{"taxonomy":"product_tag","embeddable":true,"href":"https:\/\/gajos.sk\/eshop\/wp-json\/wp\/v2\/product_tag?post=353352"}],"curies":[{"name":"wp","href":"https:\/\/api.w.org\/{rel}","templated":true}]}}