{"id":353346,"date":"2024-03-01T23:41:47","date_gmt":"2024-03-01T22:41:47","guid":{"rendered":"https:\/\/gajostest.a2hosted.com\/eshop\/zlanovacia-multifunk-zariadenia-sirius\/"},"modified":"2026-05-06T21:59:58","modified_gmt":"2026-05-06T19:59:58","slug":"zlanovacia-multifunk-zariadenia-sirius","status":"publish","type":"product","link":"https:\/\/gajos.sk\/eshop\/p\/zlanovacia-multifunk-zariadenia-sirius\/","title":{"rendered":"Zla\u0148ovacia multifunk.zariadenia Sirius"},"content":{"rendered":"","protected":false},"excerpt":{"rendered":"<p>Skylotec SIRIUS A-050 normy: EN 12841-C:2006, EN 341-2A:2011 hmotnos\u0165: 0,51 kg CHARAKTERISTIKA: z\u00e1chrann\u00e9, istiace, zla\u0148ovacie, polohovacie zariadenie, z\u00e1chrana dvoch os\u00f4b, maxim\u00e1lne za\u0165a\u017eenie 250 kg, vhodn\u00e9 pre lan\u00e1 o priemere 10-12 mm, auto lock funkcie, anti panic funkcie POU\u017dITIE: telekomunik\u00e1cie, vetern\u00e9 elektr\u00e1rne strechy, mobiln\u00e9 plo\u0161iny, oce\u013eov\u00e9 st\u013apy, oce\u013eov\u00e9 kon\u0161trukcie, le\u0161enie, dreven\u00e9 st\u013apy<\/p>\n","protected":false},"featured_media":353348,"template":"","meta":{"_acf_changed":false,"inline_featured_image":false},"product_brand":[],"product_cat":[2153,2556,2128],"product_tag":[1261],"class_list":{"0":"post-353346","1":"product","2":"type-product","3":"status-publish","4":"has-post-thumbnail","6":"product_cat-ochrana-proti-padu","7":"product_cat-zachytavac-padu","8":"product_cat-ochranne-pomocky","9":"product_tag-skylotec","10":"pa_velkost-uni","12":"first","13":"instock","14":"taxable","15":"shipping-taxable","16":"purchasable","17":"product-type-variable"},"acf":[],"_links":{"self":[{"href":"https:\/\/gajos.sk\/eshop\/wp-json\/wp\/v2\/product\/353346","targetHints":{"allow":["GET"]}}],"collection":[{"href":"https:\/\/gajos.sk\/eshop\/wp-json\/wp\/v2\/product"}],"about":[{"href":"https:\/\/gajos.sk\/eshop\/wp-json\/wp\/v2\/types\/product"}],"wp:featuredmedia":[{"embeddable":true,"href":"https:\/\/gajos.sk\/eshop\/wp-json\/wp\/v2\/media\/353348"}],"wp:attachment":[{"href":"https:\/\/gajos.sk\/eshop\/wp-json\/wp\/v2\/media?parent=353346"}],"wp:term":[{"taxonomy":"product_brand","embeddable":true,"href":"https:\/\/gajos.sk\/eshop\/wp-json\/wp\/v2\/product_brand?post=353346"},{"taxonomy":"product_cat","embeddable":true,"href":"https:\/\/gajos.sk\/eshop\/wp-json\/wp\/v2\/product_cat?post=353346"},{"taxonomy":"product_tag","embeddable":true,"href":"https:\/\/gajos.sk\/eshop\/wp-json\/wp\/v2\/product_tag?post=353346"}],"curies":[{"name":"wp","href":"https:\/\/api.w.org\/{rel}","templated":true}]}}