{"id":353342,"date":"2024-03-01T23:41:47","date_gmt":"2024-03-01T22:41:47","guid":{"rendered":"https:\/\/gajostest.a2hosted.com\/eshop\/branta-1-zachyc-lanotlmic\/"},"modified":"2026-04-15T22:02:55","modified_gmt":"2026-04-15T20:02:55","slug":"branta-1-zachyc-lanotlmic","status":"publish","type":"product","link":"https:\/\/gajos.sk\/eshop\/p\/branta-1-zachyc-lanotlmic\/","title":{"rendered":"BRANTA 1 zachyc.,lano,tlmi\u010d"},"content":{"rendered":"","protected":false},"excerpt":{"rendered":"<p>Fall safe Branta 1 pohybliv\u00fd zachyt\u00e1va\u010d p\u00e1du (brzda) na poddajnom zais\u0165ovacom veden\u00ed EN 353-2:2003 PA pleten\u00e9 lano s \u00d8 11 mm na hornom a dolnom konci \u0161it\u00fdm okom s o\u010dnicou s mo\u017enos\u0165ou osadenia volite\u013enej karab\u00edny (odpor\u00fa\u010da sa FS80 tlmi\u010d p\u00e1du s mo\u017enos\u0165ou osadenia volite\u013enej karab\u00edny (odpor\u00fa\u010dan\u00e1 FS33500-2L) d\u013a\u017eka\/hmotnos\u0165: 10 m \/2 kg, 15 m \/2,7 kg, 20 m \/3,3 kg, 25 m \/5,3 kg, 50 m \/ 6,6 kg<\/p>\n","protected":false},"featured_media":353344,"template":"","meta":{"_acf_changed":false,"inline_featured_image":false},"product_brand":[],"product_cat":[2153,2556,2128],"product_tag":[1293],"class_list":{"0":"post-353342","1":"product","2":"type-product","3":"status-publish","4":"has-post-thumbnail","6":"product_cat-ochrana-proti-padu","7":"product_cat-zachytavac-padu","8":"product_cat-ochranne-pomocky","9":"product_tag-fallsafe","10":"pa_velkost-20-m","11":"pa_velkost-10-m","13":"first","14":"instock","15":"taxable","16":"shipping-taxable","17":"purchasable","18":"product-type-variable"},"acf":[],"_links":{"self":[{"href":"https:\/\/gajos.sk\/eshop\/wp-json\/wp\/v2\/product\/353342","targetHints":{"allow":["GET"]}}],"collection":[{"href":"https:\/\/gajos.sk\/eshop\/wp-json\/wp\/v2\/product"}],"about":[{"href":"https:\/\/gajos.sk\/eshop\/wp-json\/wp\/v2\/types\/product"}],"wp:featuredmedia":[{"embeddable":true,"href":"https:\/\/gajos.sk\/eshop\/wp-json\/wp\/v2\/media\/353344"}],"wp:attachment":[{"href":"https:\/\/gajos.sk\/eshop\/wp-json\/wp\/v2\/media?parent=353342"}],"wp:term":[{"taxonomy":"product_brand","embeddable":true,"href":"https:\/\/gajos.sk\/eshop\/wp-json\/wp\/v2\/product_brand?post=353342"},{"taxonomy":"product_cat","embeddable":true,"href":"https:\/\/gajos.sk\/eshop\/wp-json\/wp\/v2\/product_cat?post=353342"},{"taxonomy":"product_tag","embeddable":true,"href":"https:\/\/gajos.sk\/eshop\/wp-json\/wp\/v2\/product_tag?post=353342"}],"curies":[{"name":"wp","href":"https:\/\/api.w.org\/{rel}","templated":true}]}}