{"id":353335,"date":"2024-03-01T23:41:40","date_gmt":"2024-03-01T22:41:40","guid":{"rendered":"https:\/\/gajostest.a2hosted.com\/eshop\/pohyblivy-zachycovac-padu-catcher\/"},"modified":"2026-04-20T00:57:52","modified_gmt":"2026-04-19T22:57:52","slug":"pohyblivy-zachycovac-padu-catcher","status":"publish","type":"product","link":"https:\/\/gajos.sk\/eshop\/p\/pohyblivy-zachycovac-padu-catcher\/","title":{"rendered":"Pohybliv\u00fd zachycova\u010d p\u00e1du CATCHER"},"content":{"rendered":"","protected":false},"excerpt":{"rendered":"<p>Pohybliv\u00fd zachyt\u00e1va\u010d p\u00e1du pre lano priemer 12 mm &#8211; pou\u017eitie pre pracovn\u00e9 polohovanie a istenie proti p\u00e1du &#8211; vyroben\u00e9 z kovan\u00e9ho hlin\u00edku &#8211; 194 g.<\/p>\n","protected":false},"featured_media":353337,"template":"","meta":{"_acf_changed":false,"inline_featured_image":false},"product_brand":[],"product_cat":[2153,2556,2128],"product_tag":[1246],"class_list":{"0":"post-353335","1":"product","2":"type-product","3":"status-publish","4":"has-post-thumbnail","6":"product_cat-ochrana-proti-padu","7":"product_cat-zachytavac-padu","8":"product_cat-ochranne-pomocky","9":"product_tag-lanex","10":"pa_velkost-uni","12":"first","13":"instock","14":"taxable","15":"shipping-taxable","16":"product-type-variable"},"acf":[],"_links":{"self":[{"href":"https:\/\/gajos.sk\/eshop\/wp-json\/wp\/v2\/product\/353335","targetHints":{"allow":["GET"]}}],"collection":[{"href":"https:\/\/gajos.sk\/eshop\/wp-json\/wp\/v2\/product"}],"about":[{"href":"https:\/\/gajos.sk\/eshop\/wp-json\/wp\/v2\/types\/product"}],"wp:featuredmedia":[{"embeddable":true,"href":"https:\/\/gajos.sk\/eshop\/wp-json\/wp\/v2\/media\/353337"}],"wp:attachment":[{"href":"https:\/\/gajos.sk\/eshop\/wp-json\/wp\/v2\/media?parent=353335"}],"wp:term":[{"taxonomy":"product_brand","embeddable":true,"href":"https:\/\/gajos.sk\/eshop\/wp-json\/wp\/v2\/product_brand?post=353335"},{"taxonomy":"product_cat","embeddable":true,"href":"https:\/\/gajos.sk\/eshop\/wp-json\/wp\/v2\/product_cat?post=353335"},{"taxonomy":"product_tag","embeddable":true,"href":"https:\/\/gajos.sk\/eshop\/wp-json\/wp\/v2\/product_tag?post=353335"}],"curies":[{"name":"wp","href":"https:\/\/api.w.org\/{rel}","templated":true}]}}