{"id":353320,"date":"2024-03-01T23:41:36","date_gmt":"2024-03-01T22:41:36","guid":{"rendered":"https:\/\/gajostest.a2hosted.com\/eshop\/lanex-at30001-dvojbodovy-popruh-at-30\/"},"modified":"2026-04-11T17:51:48","modified_gmt":"2026-04-11T15:51:48","slug":"lanex-at30001-dvojbodovy-popruh-at-30","status":"publish","type":"product","link":"https:\/\/gajos.sk\/eshop\/p\/lanex-at30001-dvojbodovy-popruh-at-30\/","title":{"rendered":"LANEX AT30001 dvojbodov\u00fd popruh AT 30"},"content":{"rendered":"","protected":false},"excerpt":{"rendered":"<p>Lanex AT300 Dvojbodov\u00fd regenera\u010dn\u00fd popruh s karab\u00ednami AZ011 na pou\u017eitie so stat\u00edvmi a navijakmi<\/p>\n","protected":false},"featured_media":353322,"template":"","meta":{"_acf_changed":false,"inline_featured_image":false},"product_brand":[],"product_cat":[2153,2171,2128],"product_tag":[1246],"class_list":{"0":"post-353320","1":"product","2":"type-product","3":"status-publish","4":"has-post-thumbnail","6":"product_cat-ochrana-proti-padu","7":"product_cat-kotviace-zariadenia","8":"product_cat-ochranne-pomocky","9":"product_tag-lanex","10":"pa_velkost-uni","12":"first","13":"instock","14":"taxable","15":"shipping-taxable","16":"product-type-variable"},"acf":[],"_links":{"self":[{"href":"https:\/\/gajos.sk\/eshop\/wp-json\/wp\/v2\/product\/353320","targetHints":{"allow":["GET"]}}],"collection":[{"href":"https:\/\/gajos.sk\/eshop\/wp-json\/wp\/v2\/product"}],"about":[{"href":"https:\/\/gajos.sk\/eshop\/wp-json\/wp\/v2\/types\/product"}],"wp:featuredmedia":[{"embeddable":true,"href":"https:\/\/gajos.sk\/eshop\/wp-json\/wp\/v2\/media\/353322"}],"wp:attachment":[{"href":"https:\/\/gajos.sk\/eshop\/wp-json\/wp\/v2\/media?parent=353320"}],"wp:term":[{"taxonomy":"product_brand","embeddable":true,"href":"https:\/\/gajos.sk\/eshop\/wp-json\/wp\/v2\/product_brand?post=353320"},{"taxonomy":"product_cat","embeddable":true,"href":"https:\/\/gajos.sk\/eshop\/wp-json\/wp\/v2\/product_cat?post=353320"},{"taxonomy":"product_tag","embeddable":true,"href":"https:\/\/gajos.sk\/eshop\/wp-json\/wp\/v2\/product_tag?post=353320"}],"curies":[{"name":"wp","href":"https:\/\/api.w.org\/{rel}","templated":true}]}}