{"id":353312,"date":"2024-03-01T23:41:30","date_gmt":"2024-03-01T22:41:30","guid":{"rendered":"https:\/\/gajostest.a2hosted.com\/eshop\/pohyb-zachyc-padu-lanostop-s-kar\/"},"modified":"2026-04-29T22:09:07","modified_gmt":"2026-04-29T20:09:07","slug":"pohyb-zachyc-padu-lanostop-s-kar","status":"publish","type":"product","link":"https:\/\/gajos.sk\/eshop\/p\/pohyb-zachyc-padu-lanostop-s-kar\/","title":{"rendered":"Pohyb. zachyc. p\u00e1du LANOSTOP s kar."},"content":{"rendered":"","protected":false},"excerpt":{"rendered":"<p>Zais\u0165ovacie s\u00fapravy LANOSTOP s pohybliv\u00fdm zachyt\u00e1va\u010dom p\u00e1du (brzda sa ned\u00e1 od\u0148a\u0165), PA spletan\u00fdm 10 m alebo 15 m dlh\u00fdm lanom (O 12 mm), \u0161it\u00fdm okom s o\u010dnicou a karab\u00ednou AZ002 na hornom konci, \u0161it\u00fdm doln\u00fdm koncom bez oka s tlmi\u010dom p\u00e1du a karab\u00ednou AZ002, sp\u013a\u0148a normu EN 353-2 (CE 0082). 0805 0001 99 110 10m, 0805 0001 99 115 15m<\/p>\n","protected":false},"featured_media":353314,"template":"","meta":{"_acf_changed":false,"inline_featured_image":false},"product_brand":[],"product_cat":[2153,2556,2128],"product_tag":[1246],"class_list":{"0":"post-353312","1":"product","2":"type-product","3":"status-publish","4":"has-post-thumbnail","6":"product_cat-ochrana-proti-padu","7":"product_cat-zachytavac-padu","8":"product_cat-ochranne-pomocky","9":"product_tag-lanex","10":"pa_velkost-25-m","11":"pa_velkost-20-m","12":"pa_velkost-15-m","13":"pa_velkost-10-m","14":"pa_velkost-50-m","15":"pa_velkost-35-m","17":"first","18":"instock","19":"taxable","20":"shipping-taxable","21":"purchasable","22":"product-type-variable"},"acf":[],"_links":{"self":[{"href":"https:\/\/gajos.sk\/eshop\/wp-json\/wp\/v2\/product\/353312","targetHints":{"allow":["GET"]}}],"collection":[{"href":"https:\/\/gajos.sk\/eshop\/wp-json\/wp\/v2\/product"}],"about":[{"href":"https:\/\/gajos.sk\/eshop\/wp-json\/wp\/v2\/types\/product"}],"wp:featuredmedia":[{"embeddable":true,"href":"https:\/\/gajos.sk\/eshop\/wp-json\/wp\/v2\/media\/353314"}],"wp:attachment":[{"href":"https:\/\/gajos.sk\/eshop\/wp-json\/wp\/v2\/media?parent=353312"}],"wp:term":[{"taxonomy":"product_brand","embeddable":true,"href":"https:\/\/gajos.sk\/eshop\/wp-json\/wp\/v2\/product_brand?post=353312"},{"taxonomy":"product_cat","embeddable":true,"href":"https:\/\/gajos.sk\/eshop\/wp-json\/wp\/v2\/product_cat?post=353312"},{"taxonomy":"product_tag","embeddable":true,"href":"https:\/\/gajos.sk\/eshop\/wp-json\/wp\/v2\/product_tag?post=353312"}],"curies":[{"name":"wp","href":"https:\/\/api.w.org\/{rel}","templated":true}]}}