{"id":353309,"date":"2024-03-01T23:41:30","date_gmt":"2024-03-01T22:41:30","guid":{"rendered":"https:\/\/gajostest.a2hosted.com\/eshop\/cerva-grippa-polohovaci-lanyardkarabiny\/"},"modified":"2026-04-15T22:02:55","modified_gmt":"2026-04-15T20:02:55","slug":"cerva-grippa-polohovaci-lanyardkarabiny","status":"publish","type":"product","link":"https:\/\/gajos.sk\/eshop\/p\/cerva-grippa-polohovaci-lanyardkarabiny\/","title":{"rendered":"CERVA GRIPPA polohovac\u00ed lanyard,karab\u00edny"},"content":{"rendered":"","protected":false},"excerpt":{"rendered":"<p>GRIPPA polohovacia \u0161n\u00farka polyamidov\u00e9 lano 11mm s hlin\u00edkov\u00fdm nastavova\u010dom d\u013a\u017eky a karab\u00ednami &#8211; 2 m<\/p>\n","protected":false},"featured_media":353311,"template":"","meta":{"_acf_changed":false,"inline_featured_image":false},"product_brand":[],"product_cat":[2554,2555,2553],"product_tag":[1179],"class_list":{"0":"post-353309","1":"product","2":"type-product","3":"status-publish","4":"has-post-thumbnail","6":"product_cat-padu","7":"product_cat-polohovanie-pri-praci","8":"product_cat-rizika","9":"product_tag-cerva","10":"pa_velkost-2-m","12":"first","13":"instock","14":"taxable","15":"shipping-taxable","16":"purchasable","17":"product-type-variable"},"acf":[],"_links":{"self":[{"href":"https:\/\/gajos.sk\/eshop\/wp-json\/wp\/v2\/product\/353309","targetHints":{"allow":["GET"]}}],"collection":[{"href":"https:\/\/gajos.sk\/eshop\/wp-json\/wp\/v2\/product"}],"about":[{"href":"https:\/\/gajos.sk\/eshop\/wp-json\/wp\/v2\/types\/product"}],"wp:featuredmedia":[{"embeddable":true,"href":"https:\/\/gajos.sk\/eshop\/wp-json\/wp\/v2\/media\/353311"}],"wp:attachment":[{"href":"https:\/\/gajos.sk\/eshop\/wp-json\/wp\/v2\/media?parent=353309"}],"wp:term":[{"taxonomy":"product_brand","embeddable":true,"href":"https:\/\/gajos.sk\/eshop\/wp-json\/wp\/v2\/product_brand?post=353309"},{"taxonomy":"product_cat","embeddable":true,"href":"https:\/\/gajos.sk\/eshop\/wp-json\/wp\/v2\/product_cat?post=353309"},{"taxonomy":"product_tag","embeddable":true,"href":"https:\/\/gajos.sk\/eshop\/wp-json\/wp\/v2\/product_tag?post=353309"}],"curies":[{"name":"wp","href":"https:\/\/api.w.org\/{rel}","templated":true}]}}