{"id":353290,"date":"2024-03-01T23:41:17","date_gmt":"2024-03-01T22:41:17","guid":{"rendered":"https:\/\/gajostest.a2hosted.com\/eshop\/jinx-4-polohovaci-lanyard-karabiny-15m\/"},"modified":"2026-04-15T22:02:55","modified_gmt":"2026-04-15T20:02:55","slug":"jinx-4-polohovaci-lanyard-karabiny-15m","status":"publish","type":"product","link":"https:\/\/gajos.sk\/eshop\/p\/jinx-4-polohovaci-lanyard-karabiny-15m\/","title":{"rendered":"JINX 4 polohovac\u00ed lanyard, karab\u00edny 1,5m"},"content":{"rendered":"","protected":false},"excerpt":{"rendered":"<p>Fall safe popruhov\u00fd lanyard JINX 4 normy: EN 354, EN 362 d\u013a\u017eka syst\u00e9mu: 1,5 m nosnos\u0165: 100 kg hmotnos\u0165: 1 kg CHARAKTERISTIKA: popruhov\u00fd lanyard s karab\u00ednami 1,5m, spojovac\u00ed prostriedok z polyesterov\u00e9ho popruhu o \u0161\u00edrke 2 popruhov s\u00fa karab\u00edny FS33502L twist lock, pevnos\u0165 popruhov: 25 kN POU\u017dITIE: telekomunik\u00e1cie, vetern\u00e9 elektr\u00e1rne, strechy, mobiln\u00e9 plo\u0161iny, oce\u013eov\u00e9 st\u013apy, oce\u013eov\u00e9 kon\u0161trukcie, le\u0161enie<\/p>\n","protected":false},"featured_media":353292,"template":"","meta":{"_acf_changed":false,"inline_featured_image":false},"product_brand":[],"product_cat":[2554,2555,2553],"product_tag":[1293],"class_list":{"0":"post-353290","1":"product","2":"type-product","3":"status-publish","4":"has-post-thumbnail","6":"product_cat-padu","7":"product_cat-polohovanie-pri-praci","8":"product_cat-rizika","9":"product_tag-fallsafe","10":"pa_velkost-uni","12":"first","13":"instock","14":"taxable","15":"shipping-taxable","16":"purchasable","17":"product-type-variable"},"acf":[],"_links":{"self":[{"href":"https:\/\/gajos.sk\/eshop\/wp-json\/wp\/v2\/product\/353290","targetHints":{"allow":["GET"]}}],"collection":[{"href":"https:\/\/gajos.sk\/eshop\/wp-json\/wp\/v2\/product"}],"about":[{"href":"https:\/\/gajos.sk\/eshop\/wp-json\/wp\/v2\/types\/product"}],"wp:featuredmedia":[{"embeddable":true,"href":"https:\/\/gajos.sk\/eshop\/wp-json\/wp\/v2\/media\/353292"}],"wp:attachment":[{"href":"https:\/\/gajos.sk\/eshop\/wp-json\/wp\/v2\/media?parent=353290"}],"wp:term":[{"taxonomy":"product_brand","embeddable":true,"href":"https:\/\/gajos.sk\/eshop\/wp-json\/wp\/v2\/product_brand?post=353290"},{"taxonomy":"product_cat","embeddable":true,"href":"https:\/\/gajos.sk\/eshop\/wp-json\/wp\/v2\/product_cat?post=353290"},{"taxonomy":"product_tag","embeddable":true,"href":"https:\/\/gajos.sk\/eshop\/wp-json\/wp\/v2\/product_tag?post=353290"}],"curies":[{"name":"wp","href":"https:\/\/api.w.org\/{rel}","templated":true}]}}