{"id":353287,"date":"2024-03-01T23:41:17","date_gmt":"2024-03-01T22:41:17","guid":{"rendered":"https:\/\/gajostest.a2hosted.com\/eshop\/fs930-tc-samonavijaci-zachyc-padu-2m\/"},"modified":"2026-04-11T17:51:48","modified_gmt":"2026-04-11T15:51:48","slug":"fs930-tc-samonavijaci-zachyc-padu-2m","status":"publish","type":"product","link":"https:\/\/gajos.sk\/eshop\/p\/fs930-tc-samonavijaci-zachyc-padu-2m\/","title":{"rendered":"FS930-TC samonav\u00edjac\u00ed zachyc.p\u00e1du 2m"},"content":{"rendered":"","protected":false},"excerpt":{"rendered":"<p>Fall safe FS930-TC \u013eahk\u00fd a kompaktn\u00fd samonav\u00edjac\u00ed zachy\u010dova\u010d p\u00e1du 2m s dvoma hlin\u00edkov\u00fdmi karab\u00ednami a tlmi\u010dom p\u00e1du. V plastovom tele je pou\u017eit\u00fd popruh z materi\u00e1lu Dyneema o \u0161\u00edrke 25mm. EN360<\/p>\n","protected":false},"featured_media":353289,"template":"","meta":{"_acf_changed":false,"inline_featured_image":false},"product_brand":[],"product_cat":[2153,2556,2128],"product_tag":[1293],"class_list":{"0":"post-353287","1":"product","2":"type-product","3":"status-publish","4":"has-post-thumbnail","6":"product_cat-ochrana-proti-padu","7":"product_cat-zachytavac-padu","8":"product_cat-ochranne-pomocky","9":"product_tag-fallsafe","10":"pa_velkost-uni","12":"first","13":"instock","14":"taxable","15":"shipping-taxable","16":"product-type-variable"},"acf":[],"_links":{"self":[{"href":"https:\/\/gajos.sk\/eshop\/wp-json\/wp\/v2\/product\/353287","targetHints":{"allow":["GET"]}}],"collection":[{"href":"https:\/\/gajos.sk\/eshop\/wp-json\/wp\/v2\/product"}],"about":[{"href":"https:\/\/gajos.sk\/eshop\/wp-json\/wp\/v2\/types\/product"}],"wp:featuredmedia":[{"embeddable":true,"href":"https:\/\/gajos.sk\/eshop\/wp-json\/wp\/v2\/media\/353289"}],"wp:attachment":[{"href":"https:\/\/gajos.sk\/eshop\/wp-json\/wp\/v2\/media?parent=353287"}],"wp:term":[{"taxonomy":"product_brand","embeddable":true,"href":"https:\/\/gajos.sk\/eshop\/wp-json\/wp\/v2\/product_brand?post=353287"},{"taxonomy":"product_cat","embeddable":true,"href":"https:\/\/gajos.sk\/eshop\/wp-json\/wp\/v2\/product_cat?post=353287"},{"taxonomy":"product_tag","embeddable":true,"href":"https:\/\/gajos.sk\/eshop\/wp-json\/wp\/v2\/product_tag?post=353287"}],"curies":[{"name":"wp","href":"https:\/\/api.w.org\/{rel}","templated":true}]}}