{"id":353268,"date":"2024-03-01T23:41:11","date_gmt":"2024-03-01T22:41:11","guid":{"rendered":"https:\/\/gajostest.a2hosted.com\/eshop\/polohovaci-prostredek-prot-3-s-karab\/"},"modified":"2026-04-29T22:09:06","modified_gmt":"2026-04-29T20:09:06","slug":"polohovaci-prostredek-prot-3-s-karab","status":"publish","type":"product","link":"https:\/\/gajos.sk\/eshop\/p\/polohovaci-prostredek-prot-3-s-karab\/","title":{"rendered":"Polohovac\u00ed prost\u0159edek PROT 3 s karab."},"content":{"rendered":"","protected":false},"excerpt":{"rendered":"<p>Pracovn\u00e9 polohovacie 2 m alebo 3 m dlh\u00e9 lan\u00e1 (O 14 mm), s nastavova\u010dom d\u013a\u017eky a ochranou lana, \u0161it\u00fdm okom s karab\u00ednou AZ 002, karab\u00edna AZ 011 \u0161tandardne s\u00fa\u010das\u0165ou nastavova\u010da, sp\u013a\u0148a normu EN 358 (CE 0082).<\/p>\n","protected":false},"featured_media":353270,"template":"","meta":{"_acf_changed":false,"inline_featured_image":false},"product_brand":[],"product_cat":[2555,2554,2553],"product_tag":[1246],"class_list":{"0":"post-353268","1":"product","2":"type-product","3":"status-publish","4":"has-post-thumbnail","6":"product_cat-polohovanie-pri-praci","7":"product_cat-padu","8":"product_cat-rizika","9":"product_tag-lanex","10":"pa_velkost-2-m","11":"pa_velkost-3-m","13":"first","14":"instock","15":"taxable","16":"shipping-taxable","17":"purchasable","18":"product-type-variable"},"acf":[],"_links":{"self":[{"href":"https:\/\/gajos.sk\/eshop\/wp-json\/wp\/v2\/product\/353268","targetHints":{"allow":["GET"]}}],"collection":[{"href":"https:\/\/gajos.sk\/eshop\/wp-json\/wp\/v2\/product"}],"about":[{"href":"https:\/\/gajos.sk\/eshop\/wp-json\/wp\/v2\/types\/product"}],"wp:featuredmedia":[{"embeddable":true,"href":"https:\/\/gajos.sk\/eshop\/wp-json\/wp\/v2\/media\/353270"}],"wp:attachment":[{"href":"https:\/\/gajos.sk\/eshop\/wp-json\/wp\/v2\/media?parent=353268"}],"wp:term":[{"taxonomy":"product_brand","embeddable":true,"href":"https:\/\/gajos.sk\/eshop\/wp-json\/wp\/v2\/product_brand?post=353268"},{"taxonomy":"product_cat","embeddable":true,"href":"https:\/\/gajos.sk\/eshop\/wp-json\/wp\/v2\/product_cat?post=353268"},{"taxonomy":"product_tag","embeddable":true,"href":"https:\/\/gajos.sk\/eshop\/wp-json\/wp\/v2\/product_tag?post=353268"}],"curies":[{"name":"wp","href":"https:\/\/api.w.org\/{rel}","templated":true}]}}