{"id":353264,"date":"2024-03-01T23:41:04","date_gmt":"2024-03-01T22:41:04","guid":{"rendered":"https:\/\/gajostest.a2hosted.com\/eshop\/polohovaci-prostriedok-prot-11\/"},"modified":"2026-04-20T00:56:44","modified_gmt":"2026-04-19T22:56:44","slug":"polohovaci-prostriedok-prot-11","status":"publish","type":"product","link":"https:\/\/gajos.sk\/eshop\/p\/polohovaci-prostriedok-prot-11\/","title":{"rendered":"Polohovac\u00ed prostriedok PROT 11"},"content":{"rendered":"","protected":false},"excerpt":{"rendered":"<p>Lanex PROT11: EN 358, EN 362 d\u013a\u017eka: 2 m, 3m CHARAKTERISTIKA: polohovac\u00ed prostriedok so nastavova\u010dom d\u013a\u017eky lana 14 mm \u0161it\u00e9 oko s o\u010dnicou na konci lana s karab\u00ednou AZ 002 (otvorenie 18 mm) na nastavovacej 1 ) POU\u017dITIE: telekomunik\u00e1cie, vetern\u00e9 elektr\u00e1rne, strechy, mobiln\u00e9 plo\u0161iny, elektrick\u00e9 prenosov\u00e9 s\u00fastavy<\/p>\n","protected":false},"featured_media":353266,"template":"","meta":{"_acf_changed":false,"inline_featured_image":false},"product_brand":[],"product_cat":[2554,2555,2553],"product_tag":[1246],"class_list":{"0":"post-353264","1":"product","2":"type-product","3":"status-publish","4":"has-post-thumbnail","6":"product_cat-padu","7":"product_cat-polohovanie-pri-praci","8":"product_cat-rizika","9":"product_tag-lanex","10":"pa_velkost-2-m","11":"pa_velkost-3-m","13":"first","14":"instock","15":"taxable","16":"shipping-taxable","17":"purchasable","18":"product-type-variable"},"acf":[],"_links":{"self":[{"href":"https:\/\/gajos.sk\/eshop\/wp-json\/wp\/v2\/product\/353264","targetHints":{"allow":["GET"]}}],"collection":[{"href":"https:\/\/gajos.sk\/eshop\/wp-json\/wp\/v2\/product"}],"about":[{"href":"https:\/\/gajos.sk\/eshop\/wp-json\/wp\/v2\/types\/product"}],"wp:featuredmedia":[{"embeddable":true,"href":"https:\/\/gajos.sk\/eshop\/wp-json\/wp\/v2\/media\/353266"}],"wp:attachment":[{"href":"https:\/\/gajos.sk\/eshop\/wp-json\/wp\/v2\/media?parent=353264"}],"wp:term":[{"taxonomy":"product_brand","embeddable":true,"href":"https:\/\/gajos.sk\/eshop\/wp-json\/wp\/v2\/product_brand?post=353264"},{"taxonomy":"product_cat","embeddable":true,"href":"https:\/\/gajos.sk\/eshop\/wp-json\/wp\/v2\/product_cat?post=353264"},{"taxonomy":"product_tag","embeddable":true,"href":"https:\/\/gajos.sk\/eshop\/wp-json\/wp\/v2\/product_tag?post=353264"}],"curies":[{"name":"wp","href":"https:\/\/api.w.org\/{rel}","templated":true}]}}