{"id":353261,"date":"2024-03-01T23:41:04","date_gmt":"2024-03-01T22:41:04","guid":{"rendered":"https:\/\/gajostest.a2hosted.com\/eshop\/spoj-prostredek-lb-10-s-karabinou-2-m\/"},"modified":"2026-04-11T17:51:48","modified_gmt":"2026-04-11T15:51:48","slug":"spoj-prostredek-lb-10-s-karabinou-2-m","status":"publish","type":"product","link":"https:\/\/gajos.sk\/eshop\/p\/spoj-prostredek-lb-10-s-karabinou-2-m\/","title":{"rendered":"Spoj. prost\u0159edek LB 10 s karabinou-2 m"},"content":{"rendered":"","protected":false},"excerpt":{"rendered":"<p>Lanex Spojovac\u00ed prostriedok LB 10 \u2013 univerz\u00e1lne bezpe\u010dnostn\u00e9 lano so nastavova\u010dom \/ PA lano pleten\u00e9, \u00f8 12 mm, \u0161it\u00e9 oko s o\u010dnicou na jednom konci lana \/ mo\u017enos\u0165 za\u0161itia volite\u013en\u00fdch karab\u00edn \/ 1 m, 1,5 m, 2 m. EN354 EN358<\/p>\n","protected":false},"featured_media":353263,"template":"","meta":{"_acf_changed":false,"inline_featured_image":false},"product_brand":[],"product_cat":[2554,2555,2553],"product_tag":[1246],"class_list":{"0":"post-353261","1":"product","2":"type-product","3":"status-publish","4":"has-post-thumbnail","6":"product_cat-padu","7":"product_cat-polohovanie-pri-praci","8":"product_cat-rizika","9":"product_tag-lanex","10":"pa_velkost-uni","12":"first","13":"instock","14":"taxable","15":"shipping-taxable","16":"product-type-variable"},"acf":[],"_links":{"self":[{"href":"https:\/\/gajos.sk\/eshop\/wp-json\/wp\/v2\/product\/353261","targetHints":{"allow":["GET"]}}],"collection":[{"href":"https:\/\/gajos.sk\/eshop\/wp-json\/wp\/v2\/product"}],"about":[{"href":"https:\/\/gajos.sk\/eshop\/wp-json\/wp\/v2\/types\/product"}],"wp:featuredmedia":[{"embeddable":true,"href":"https:\/\/gajos.sk\/eshop\/wp-json\/wp\/v2\/media\/353263"}],"wp:attachment":[{"href":"https:\/\/gajos.sk\/eshop\/wp-json\/wp\/v2\/media?parent=353261"}],"wp:term":[{"taxonomy":"product_brand","embeddable":true,"href":"https:\/\/gajos.sk\/eshop\/wp-json\/wp\/v2\/product_brand?post=353261"},{"taxonomy":"product_cat","embeddable":true,"href":"https:\/\/gajos.sk\/eshop\/wp-json\/wp\/v2\/product_cat?post=353261"},{"taxonomy":"product_tag","embeddable":true,"href":"https:\/\/gajos.sk\/eshop\/wp-json\/wp\/v2\/product_tag?post=353261"}],"curies":[{"name":"wp","href":"https:\/\/api.w.org\/{rel}","templated":true}]}}