{"id":353252,"date":"2024-03-01T23:41:04","date_gmt":"2024-03-01T22:41:04","guid":{"rendered":"https:\/\/gajostest.a2hosted.com\/eshop\/cerva-fs930-samonav-zachyc-padu-2m\/"},"modified":"2026-05-06T21:59:57","modified_gmt":"2026-05-06T19:59:57","slug":"cerva-fs930-samonav-zachyc-padu-2m","status":"publish","type":"product","link":"https:\/\/gajos.sk\/eshop\/p\/cerva-fs930-samonav-zachyc-padu-2m\/","title":{"rendered":"CERVA FS930 samonav. zachyc. p\u00e1du 2m"},"content":{"rendered":"","protected":false},"excerpt":{"rendered":"<p>FS930-TC \u013eahk\u00fd a kompaktn\u00fd samonav\u00edjac\u00ed zachyt\u00e1va\u010d p\u00e1du 2m s dvoma hlin\u00edkov\u00fdmi karab\u00ednami a tlmi\u010dom p\u00e1du. V plastovom tele je pou\u017eit\u00fd popruh z materi\u00e1lu Dyneema o \u0161\u00edrke 25mm. EN360<\/p>\n","protected":false},"featured_media":353254,"template":"","meta":{"_acf_changed":false,"inline_featured_image":false},"product_brand":[],"product_cat":[2153,2556,2128],"product_tag":[1179],"class_list":{"0":"post-353252","1":"product","2":"type-product","3":"status-publish","4":"has-post-thumbnail","6":"product_cat-ochrana-proti-padu","7":"product_cat-zachytavac-padu","8":"product_cat-ochranne-pomocky","9":"product_tag-cerva","10":"pa_velkost-uni","12":"first","13":"instock","14":"taxable","15":"shipping-taxable","16":"purchasable","17":"product-type-variable"},"acf":[],"_links":{"self":[{"href":"https:\/\/gajos.sk\/eshop\/wp-json\/wp\/v2\/product\/353252","targetHints":{"allow":["GET"]}}],"collection":[{"href":"https:\/\/gajos.sk\/eshop\/wp-json\/wp\/v2\/product"}],"about":[{"href":"https:\/\/gajos.sk\/eshop\/wp-json\/wp\/v2\/types\/product"}],"wp:featuredmedia":[{"embeddable":true,"href":"https:\/\/gajos.sk\/eshop\/wp-json\/wp\/v2\/media\/353254"}],"wp:attachment":[{"href":"https:\/\/gajos.sk\/eshop\/wp-json\/wp\/v2\/media?parent=353252"}],"wp:term":[{"taxonomy":"product_brand","embeddable":true,"href":"https:\/\/gajos.sk\/eshop\/wp-json\/wp\/v2\/product_brand?post=353252"},{"taxonomy":"product_cat","embeddable":true,"href":"https:\/\/gajos.sk\/eshop\/wp-json\/wp\/v2\/product_cat?post=353252"},{"taxonomy":"product_tag","embeddable":true,"href":"https:\/\/gajos.sk\/eshop\/wp-json\/wp\/v2\/product_tag?post=353252"}],"curies":[{"name":"wp","href":"https:\/\/api.w.org\/{rel}","templated":true}]}}