{"id":353248,"date":"2024-03-01T23:40:01","date_gmt":"2024-03-01T22:40:01","guid":{"rendered":"https:\/\/gajostest.a2hosted.com\/eshop\/cerva-samonavijaci-zachycovac-padu\/"},"modified":"2026-05-06T21:59:57","modified_gmt":"2026-05-06T19:59:57","slug":"cerva-samonavijaci-zachycovac-padu","status":"publish","type":"product","link":"https:\/\/gajos.sk\/eshop\/p\/cerva-samonavijaci-zachycovac-padu\/","title":{"rendered":"CERVA Samonav\u00edjac\u00ed zachycova\u010d p\u00e1du"},"content":{"rendered":"","protected":false},"excerpt":{"rendered":"<p>Samonav\u00edjacie zachyt\u00e1va\u010de na zachytenie p\u00e1du s\u00fa navrhnut\u00e9 tak, aby ich bolo mo\u017en\u00e9 pou\u017ei\u0165 ako zariadenie na ochranu proti p\u00e1du pre jednu osobu. Obsahuj\u00fa oto\u010dn\u00fa strechu zlep\u0161uj\u00facu mobilitu, robustn\u00fd a odoln\u00fd kryt a jedine\u010dn\u00fd brzdn\u00fd syst\u00e9m, ktor\u00fd tlm\u00ed n\u00e1raz v pr\u00edpade p\u00e1du. Vysoko pevn\u00e9 polym\u00e9rov\u00e9 \u200b\u200bpuzdro, priemer 4,5 mm pozinkovan\u00e9 oce\u013eov\u00e9 lanko, oto\u010dn\u00e1 oce\u013eov\u00e1 karab\u00edna s indik\u00e1torom zachytenia p\u00e1du, tlmi\u010d energie integrovan\u00fd na oto\u010dnom h\u00e1ku. \u0160PECIFIK\u00c1CIA<br \/>\nMateri\u00e1l: oce\u013e | Vysoko pevn\u00fd polym\u00e9r | 4,5 mm pozinkovan\u00e9 oce\u013eov\u00e9 lanko<br \/>\nMaxim\u00e1lne za\u0165a\u017eenie: 136 kg (len 1 u\u017e\u00edvate\u013e!)<br \/>\nD\u013a\u017eka (m) \u2013 hmotnos\u0165 (kg):<br \/>\n10 m &#8211; 4 225 Kg<br \/>\n15 m &#8211; 6 618 Kg<\/p>\n","protected":false},"featured_media":353250,"template":"","meta":{"_acf_changed":false,"inline_featured_image":false},"product_brand":[],"product_cat":[2153,2556,2128],"product_tag":[1179],"class_list":{"0":"post-353248","1":"product","2":"type-product","3":"status-publish","4":"has-post-thumbnail","6":"product_cat-ochrana-proti-padu","7":"product_cat-zachytavac-padu","8":"product_cat-ochranne-pomocky","9":"product_tag-cerva","10":"pa_velkost-15-m","11":"pa_velkost-10-m","13":"first","14":"instock","15":"taxable","16":"shipping-taxable","17":"purchasable","18":"product-type-variable"},"acf":[],"_links":{"self":[{"href":"https:\/\/gajos.sk\/eshop\/wp-json\/wp\/v2\/product\/353248","targetHints":{"allow":["GET"]}}],"collection":[{"href":"https:\/\/gajos.sk\/eshop\/wp-json\/wp\/v2\/product"}],"about":[{"href":"https:\/\/gajos.sk\/eshop\/wp-json\/wp\/v2\/types\/product"}],"wp:featuredmedia":[{"embeddable":true,"href":"https:\/\/gajos.sk\/eshop\/wp-json\/wp\/v2\/media\/353250"}],"wp:attachment":[{"href":"https:\/\/gajos.sk\/eshop\/wp-json\/wp\/v2\/media?parent=353248"}],"wp:term":[{"taxonomy":"product_brand","embeddable":true,"href":"https:\/\/gajos.sk\/eshop\/wp-json\/wp\/v2\/product_brand?post=353248"},{"taxonomy":"product_cat","embeddable":true,"href":"https:\/\/gajos.sk\/eshop\/wp-json\/wp\/v2\/product_cat?post=353248"},{"taxonomy":"product_tag","embeddable":true,"href":"https:\/\/gajos.sk\/eshop\/wp-json\/wp\/v2\/product_tag?post=353248"}],"curies":[{"name":"wp","href":"https:\/\/api.w.org\/{rel}","templated":true}]}}