{"id":353235,"date":"2024-03-01T23:39:54","date_gmt":"2024-03-01T22:39:54","guid":{"rendered":"https:\/\/gajostest.a2hosted.com\/eshop\/samonav-zachyc-fall-arrest-block-7m\/"},"modified":"2026-04-20T00:56:44","modified_gmt":"2026-04-19T22:56:44","slug":"samonav-zachyc-fall-arrest-block-7m","status":"publish","type":"product","link":"https:\/\/gajos.sk\/eshop\/p\/samonav-zachyc-fall-arrest-block-7m\/","title":{"rendered":"Samonav.zachyc. Fall arrest block 7m"},"content":{"rendered":"","protected":false},"excerpt":{"rendered":"<p>FALL SAFE\u00ae  Fall arrest block je prostriedkom pre jednu osobu. Vyzna\u010duje sa oto\u010dn\u00fdm prvkom zvy\u0161uj\u00facim pohyblivos\u0165, robustn\u00fdm a odoln\u00fdm krytom a jedine\u010dn\u00fdm brzdov\u00fdm syst\u00e9mom, ktor\u00fd tlm\u00ed  n\u00e1raz v pr\u00edpade p\u00e1du. Vysoko pevn\u00e9 p\u00fazdro z polym\u00e9ru, priemer 4,5 mm pozinkovan\u00e9ho oce\u013eov\u00e9ho lanka, oto\u010dn\u00e1 karab\u00edna s indik\u00e1torom p\u00e1du, absorb\u00e9r energie integrovan\u00fd. Maxim\u00e1lne za\u0165a\u017eenie: 136 kg<\/p>\n","protected":false},"featured_media":353237,"template":"","meta":{"_acf_changed":false,"inline_featured_image":false},"product_brand":[],"product_cat":[2153,2556,2128],"product_tag":[1293],"class_list":{"0":"post-353235","1":"product","2":"type-product","3":"status-publish","4":"has-post-thumbnail","6":"product_cat-ochrana-proti-padu","7":"product_cat-zachytavac-padu","8":"product_cat-ochranne-pomocky","9":"product_tag-fallsafe","10":"pa_velkost-uni","12":"first","13":"instock","14":"taxable","15":"shipping-taxable","16":"purchasable","17":"product-type-variable"},"acf":[],"_links":{"self":[{"href":"https:\/\/gajos.sk\/eshop\/wp-json\/wp\/v2\/product\/353235","targetHints":{"allow":["GET"]}}],"collection":[{"href":"https:\/\/gajos.sk\/eshop\/wp-json\/wp\/v2\/product"}],"about":[{"href":"https:\/\/gajos.sk\/eshop\/wp-json\/wp\/v2\/types\/product"}],"wp:featuredmedia":[{"embeddable":true,"href":"https:\/\/gajos.sk\/eshop\/wp-json\/wp\/v2\/media\/353237"}],"wp:attachment":[{"href":"https:\/\/gajos.sk\/eshop\/wp-json\/wp\/v2\/media?parent=353235"}],"wp:term":[{"taxonomy":"product_brand","embeddable":true,"href":"https:\/\/gajos.sk\/eshop\/wp-json\/wp\/v2\/product_brand?post=353235"},{"taxonomy":"product_cat","embeddable":true,"href":"https:\/\/gajos.sk\/eshop\/wp-json\/wp\/v2\/product_cat?post=353235"},{"taxonomy":"product_tag","embeddable":true,"href":"https:\/\/gajos.sk\/eshop\/wp-json\/wp\/v2\/product_tag?post=353235"}],"curies":[{"name":"wp","href":"https:\/\/api.w.org\/{rel}","templated":true}]}}