{"id":353232,"date":"2024-03-01T23:39:54","date_gmt":"2024-03-01T22:39:54","guid":{"rendered":"https:\/\/gajostest.a2hosted.com\/eshop\/samonav-zachycovac-padu-hk\/"},"modified":"2026-04-11T17:51:48","modified_gmt":"2026-04-11T15:51:48","slug":"samonav-zachycovac-padu-hk","status":"publish","type":"product","link":"https:\/\/gajos.sk\/eshop\/p\/samonav-zachycovac-padu-hk\/","title":{"rendered":"Samonav.zachycova\u010d p\u00e1du HK"},"content":{"rendered":"","protected":false},"excerpt":{"rendered":"<p>Zachyt\u00e1va\u010d Skylotec HK norma: EN 360:2002 d\u013a\u017eka: rozvinut\u00e9ho lana 8 m alebo 10m hmotnos\u0165: 3,68 kg alebo 3,87 kg CHARAKTERISTIKA: samonav\u00edjac\u00ed zachyt\u00e1va\u010d p\u00e1du s oce\u013eov\u00fdm lankom 5 mm telo zachyt\u00e1va\u010da m\u00e1 rukov\u00e4\u0165 karab\u00edna (otvorenie 22 mm) na konci lana s indik\u00e1torom p\u00e1du. Certifikovan\u00fd na p\u00e1d cez hranu. Mo\u017enos\u0165 horizont\u00e1lneho pou\u017eitia. POU\u017dITIE: le\u0161enie, mobiln\u00e9 pracovn\u00e9 plo\u0161iny, strechy, oce\u013eov\u00e9 kon\u0161trukcie, telekomunik\u00e1cie, st\u013apy prenosov\u00fdch s\u00fastav<\/p>\n","protected":false},"featured_media":353234,"template":"","meta":{"_acf_changed":false,"inline_featured_image":false},"product_brand":[],"product_cat":[2153,2556,2128],"product_tag":[1261],"class_list":{"0":"post-353232","1":"product","2":"type-product","3":"status-publish","4":"has-post-thumbnail","6":"product_cat-ochrana-proti-padu","7":"product_cat-zachytavac-padu","8":"product_cat-ochranne-pomocky","9":"product_tag-skylotec","10":"pa_velkost-8-m","12":"first","13":"instock","14":"taxable","15":"shipping-taxable","16":"product-type-variable"},"acf":[],"_links":{"self":[{"href":"https:\/\/gajos.sk\/eshop\/wp-json\/wp\/v2\/product\/353232","targetHints":{"allow":["GET"]}}],"collection":[{"href":"https:\/\/gajos.sk\/eshop\/wp-json\/wp\/v2\/product"}],"about":[{"href":"https:\/\/gajos.sk\/eshop\/wp-json\/wp\/v2\/types\/product"}],"wp:featuredmedia":[{"embeddable":true,"href":"https:\/\/gajos.sk\/eshop\/wp-json\/wp\/v2\/media\/353234"}],"wp:attachment":[{"href":"https:\/\/gajos.sk\/eshop\/wp-json\/wp\/v2\/media?parent=353232"}],"wp:term":[{"taxonomy":"product_brand","embeddable":true,"href":"https:\/\/gajos.sk\/eshop\/wp-json\/wp\/v2\/product_brand?post=353232"},{"taxonomy":"product_cat","embeddable":true,"href":"https:\/\/gajos.sk\/eshop\/wp-json\/wp\/v2\/product_cat?post=353232"},{"taxonomy":"product_tag","embeddable":true,"href":"https:\/\/gajos.sk\/eshop\/wp-json\/wp\/v2\/product_tag?post=353232"}],"curies":[{"name":"wp","href":"https:\/\/api.w.org\/{rel}","templated":true}]}}