{"id":353210,"date":"2024-03-01T23:39:40","date_gmt":"2024-03-01T22:39:40","guid":{"rendered":"https:\/\/gajostest.a2hosted.com\/eshop\/zatahovaci-zachycovac-padu-wr-040-18m\/"},"modified":"2026-04-20T00:56:44","modified_gmt":"2026-04-19T22:56:44","slug":"zatahovaci-zachycovac-padu-wr-040-18m","status":"publish","type":"product","link":"https:\/\/gajos.sk\/eshop\/p\/zatahovaci-zachycovac-padu-wr-040-18m\/","title":{"rendered":"Zatahovac\u00ed zachycova\u010d p\u00e1du WR 040 &#8211; 1,8m"},"content":{"rendered":"","protected":false},"excerpt":{"rendered":"<p>Samonav\u00edjac\u00ed zachyt\u00e1va\u010d p\u00e1du WR 040 s popruhom 1,8m oto\u010dn\u00fdm prvkom a indk\u00e1torom p\u00e1du. Mo\u017enos\u0165 pou\u017eitia aj pri isten\u00ed pri noh\u00e1ch. P\u00e1dov\u00fd faktor 2.<\/p>\n","protected":false},"featured_media":353212,"template":"","meta":{"_acf_changed":false,"inline_featured_image":false},"product_brand":[],"product_cat":[2153,2556,2128],"product_tag":[1246],"class_list":{"0":"post-353210","1":"product","2":"type-product","3":"status-publish","4":"has-post-thumbnail","6":"product_cat-ochrana-proti-padu","7":"product_cat-zachytavac-padu","8":"product_cat-ochranne-pomocky","9":"product_tag-lanex","10":"pa_velkost-uni","12":"first","13":"instock","14":"taxable","15":"shipping-taxable","16":"purchasable","17":"product-type-variable"},"acf":[],"_links":{"self":[{"href":"https:\/\/gajos.sk\/eshop\/wp-json\/wp\/v2\/product\/353210","targetHints":{"allow":["GET"]}}],"collection":[{"href":"https:\/\/gajos.sk\/eshop\/wp-json\/wp\/v2\/product"}],"about":[{"href":"https:\/\/gajos.sk\/eshop\/wp-json\/wp\/v2\/types\/product"}],"wp:featuredmedia":[{"embeddable":true,"href":"https:\/\/gajos.sk\/eshop\/wp-json\/wp\/v2\/media\/353212"}],"wp:attachment":[{"href":"https:\/\/gajos.sk\/eshop\/wp-json\/wp\/v2\/media?parent=353210"}],"wp:term":[{"taxonomy":"product_brand","embeddable":true,"href":"https:\/\/gajos.sk\/eshop\/wp-json\/wp\/v2\/product_brand?post=353210"},{"taxonomy":"product_cat","embeddable":true,"href":"https:\/\/gajos.sk\/eshop\/wp-json\/wp\/v2\/product_cat?post=353210"},{"taxonomy":"product_tag","embeddable":true,"href":"https:\/\/gajos.sk\/eshop\/wp-json\/wp\/v2\/product_tag?post=353210"}],"curies":[{"name":"wp","href":"https:\/\/api.w.org\/{rel}","templated":true}]}}