{"id":353204,"date":"2024-03-01T23:39:40","date_gmt":"2024-03-01T22:39:40","guid":{"rendered":"https:\/\/gajostest.a2hosted.com\/eshop\/zatahovaci-zachytavac-padu-wr-100-6-m\/"},"modified":"2026-04-20T00:56:44","modified_gmt":"2026-04-19T22:56:44","slug":"zatahovaci-zachytavac-padu-wr-100-6-m","status":"publish","type":"product","link":"https:\/\/gajos.sk\/eshop\/p\/zatahovaci-zachytavac-padu-wr-100-6-m\/","title":{"rendered":"Za\u0165ahovac\u00ed zachyt\u00e1va\u010d p\u00e1du WR 100 &#8211; 6 m"},"content":{"rendered":"","protected":false},"excerpt":{"rendered":"<p>Samonav\u00edjac\u00ed zachyt\u00e1vac\u00ed syst\u00e9m s popruhom z kevlaru, d\u013a\u017eka 6 m, hmotnos\u0165 1 600 g vr\u00e1tane dvoch karab\u00edniek, dva oto\u010dn\u00e9 prvky, signaliz\u00e1cia zachytenia p\u00e1du, EN 360, CE 0082.<\/p>\n","protected":false},"featured_media":353206,"template":"","meta":{"_acf_changed":false,"inline_featured_image":false},"product_brand":[],"product_cat":[2153,2556,2128],"product_tag":[1246],"class_list":{"0":"post-353204","1":"product","2":"type-product","3":"status-publish","4":"has-post-thumbnail","6":"product_cat-ochrana-proti-padu","7":"product_cat-zachytavac-padu","8":"product_cat-ochranne-pomocky","9":"product_tag-lanex","10":"pa_velkost-uni","12":"first","13":"instock","14":"taxable","15":"shipping-taxable","16":"purchasable","17":"product-type-variable"},"acf":[],"_links":{"self":[{"href":"https:\/\/gajos.sk\/eshop\/wp-json\/wp\/v2\/product\/353204","targetHints":{"allow":["GET"]}}],"collection":[{"href":"https:\/\/gajos.sk\/eshop\/wp-json\/wp\/v2\/product"}],"about":[{"href":"https:\/\/gajos.sk\/eshop\/wp-json\/wp\/v2\/types\/product"}],"wp:featuredmedia":[{"embeddable":true,"href":"https:\/\/gajos.sk\/eshop\/wp-json\/wp\/v2\/media\/353206"}],"wp:attachment":[{"href":"https:\/\/gajos.sk\/eshop\/wp-json\/wp\/v2\/media?parent=353204"}],"wp:term":[{"taxonomy":"product_brand","embeddable":true,"href":"https:\/\/gajos.sk\/eshop\/wp-json\/wp\/v2\/product_brand?post=353204"},{"taxonomy":"product_cat","embeddable":true,"href":"https:\/\/gajos.sk\/eshop\/wp-json\/wp\/v2\/product_cat?post=353204"},{"taxonomy":"product_tag","embeddable":true,"href":"https:\/\/gajos.sk\/eshop\/wp-json\/wp\/v2\/product_tag?post=353204"}],"curies":[{"name":"wp","href":"https:\/\/api.w.org\/{rel}","templated":true}]}}