{"id":353190,"date":"2024-03-01T23:39:27","date_gmt":"2024-03-01T22:39:27","guid":{"rendered":"https:\/\/gajostest.a2hosted.com\/eshop\/polohovaci-pas-bez-lana-pb20-m-xl\/"},"modified":"2026-04-20T00:56:43","modified_gmt":"2026-04-19T22:56:43","slug":"polohovaci-pas-bez-lana-pb20-m-xl","status":"publish","type":"product","link":"https:\/\/gajos.sk\/eshop\/p\/polohovaci-pas-bez-lana-pb20-m-xl\/","title":{"rendered":"Polohovac\u00ed p\u00e1s bez lana PB20 &#8211; M\/XL"},"content":{"rendered":"","protected":false},"excerpt":{"rendered":"<p>Pracovn\u00fd polohovac\u00ed p\u00e1s s bedrovou v\u00fdstuhou s polohovac\u00edmi okami a sponou pre nastavenie ve\u013ekosti, p\u00fatkami pre pripojenie ta\u0161ky na n\u00e1radie, sp\u013a\u0148a normy EN 358 (CE 0082).<\/p>\n","protected":false},"featured_media":353192,"template":"","meta":{"_acf_changed":false,"inline_featured_image":false},"product_brand":[],"product_cat":[2555,2554,2553],"product_tag":[1246],"class_list":{"0":"post-353190","1":"product","2":"type-product","3":"status-publish","4":"has-post-thumbnail","6":"product_cat-polohovanie-pri-praci","7":"product_cat-padu","8":"product_cat-rizika","9":"product_tag-lanex","10":"pa_velkost-uni","12":"first","13":"instock","14":"taxable","15":"shipping-taxable","16":"purchasable","17":"product-type-variable"},"acf":[],"_links":{"self":[{"href":"https:\/\/gajos.sk\/eshop\/wp-json\/wp\/v2\/product\/353190","targetHints":{"allow":["GET"]}}],"collection":[{"href":"https:\/\/gajos.sk\/eshop\/wp-json\/wp\/v2\/product"}],"about":[{"href":"https:\/\/gajos.sk\/eshop\/wp-json\/wp\/v2\/types\/product"}],"wp:featuredmedia":[{"embeddable":true,"href":"https:\/\/gajos.sk\/eshop\/wp-json\/wp\/v2\/media\/353192"}],"wp:attachment":[{"href":"https:\/\/gajos.sk\/eshop\/wp-json\/wp\/v2\/media?parent=353190"}],"wp:term":[{"taxonomy":"product_brand","embeddable":true,"href":"https:\/\/gajos.sk\/eshop\/wp-json\/wp\/v2\/product_brand?post=353190"},{"taxonomy":"product_cat","embeddable":true,"href":"https:\/\/gajos.sk\/eshop\/wp-json\/wp\/v2\/product_cat?post=353190"},{"taxonomy":"product_tag","embeddable":true,"href":"https:\/\/gajos.sk\/eshop\/wp-json\/wp\/v2\/product_tag?post=353190"}],"curies":[{"name":"wp","href":"https:\/\/api.w.org\/{rel}","templated":true}]}}