{"id":353187,"date":"2024-03-01T23:39:27","date_gmt":"2024-03-01T22:39:27","guid":{"rendered":"https:\/\/gajostest.a2hosted.com\/eshop\/lanex-ppb20mlb1015l2-pas-s-lanom\/"},"modified":"2026-04-20T00:56:43","modified_gmt":"2026-04-19T22:56:43","slug":"lanex-ppb20mlb1015l2-pas-s-lanom","status":"publish","type":"product","link":"https:\/\/gajos.sk\/eshop\/p\/lanex-ppb20mlb1015l2-pas-s-lanom\/","title":{"rendered":"LANEX PPB20MLB1015L2 p\u00e1s s lanom"},"content":{"rendered":"","protected":false},"excerpt":{"rendered":"<p>Pracovn\u00fd polohovac\u00ed p\u00e1s s bedrovou v\u00fdstuhou, polohovac\u00edmi okami a sponou pre nastavenie ve\u013ekosti, p\u00fatkami pre pripojenie ta\u0161ky na n\u00e1radie, univerz\u00e1lnym bezpe\u010dnostn\u00fdm 1,5 m dlh\u00fdm lanom s nastavova\u010dom a oce\u013eovou karab\u00ednou s poistkou, sp\u013a\u0148a normy EN 362, EN 354, EN 358 (CE 0082).<\/p>\n","protected":false},"featured_media":353189,"template":"","meta":{"_acf_changed":false,"inline_featured_image":false},"product_brand":[],"product_cat":[2554,2555,2553],"product_tag":[1246],"class_list":{"0":"post-353187","1":"product","2":"type-product","3":"status-publish","4":"has-post-thumbnail","6":"product_cat-padu","7":"product_cat-polohovanie-pri-praci","8":"product_cat-rizika","9":"product_tag-lanex","10":"pa_velkost-uni","12":"first","13":"instock","14":"taxable","15":"shipping-taxable","16":"purchasable","17":"product-type-variable"},"acf":[],"_links":{"self":[{"href":"https:\/\/gajos.sk\/eshop\/wp-json\/wp\/v2\/product\/353187","targetHints":{"allow":["GET"]}}],"collection":[{"href":"https:\/\/gajos.sk\/eshop\/wp-json\/wp\/v2\/product"}],"about":[{"href":"https:\/\/gajos.sk\/eshop\/wp-json\/wp\/v2\/types\/product"}],"wp:featuredmedia":[{"embeddable":true,"href":"https:\/\/gajos.sk\/eshop\/wp-json\/wp\/v2\/media\/353189"}],"wp:attachment":[{"href":"https:\/\/gajos.sk\/eshop\/wp-json\/wp\/v2\/media?parent=353187"}],"wp:term":[{"taxonomy":"product_brand","embeddable":true,"href":"https:\/\/gajos.sk\/eshop\/wp-json\/wp\/v2\/product_brand?post=353187"},{"taxonomy":"product_cat","embeddable":true,"href":"https:\/\/gajos.sk\/eshop\/wp-json\/wp\/v2\/product_cat?post=353187"},{"taxonomy":"product_tag","embeddable":true,"href":"https:\/\/gajos.sk\/eshop\/wp-json\/wp\/v2\/product_tag?post=353187"}],"curies":[{"name":"wp","href":"https:\/\/api.w.org\/{rel}","templated":true}]}}