{"id":353184,"date":"2024-03-01T23:39:27","date_gmt":"2024-03-01T22:39:27","guid":{"rendered":"https:\/\/gajostest.a2hosted.com\/eshop\/cerva-berkut-1-postroj-zakladnypol-pas\/"},"modified":"2026-05-06T21:59:57","modified_gmt":"2026-05-06T19:59:57","slug":"cerva-berkut-1-postroj-zakladnypol-pas","status":"publish","type":"product","link":"https:\/\/gajos.sk\/eshop\/p\/cerva-berkut-1-postroj-zakladnypol-pas\/","title":{"rendered":"CERVA BERKUT 1 postroj z\u00e1kladn\u00fd+pol.p\u00e1s"},"content":{"rendered":"","protected":false},"excerpt":{"rendered":"<p>BERKUT 1 postroj z\u00e1kladn\u00fd s polohovac\u00edm p\u00e1som a polstrovan\u00edm Zadn\u00fdm oce\u013eov\u00fdm D kotviacim bodom, D polohovac\u00edmi okami a textiln\u00fdm predn\u00fdm kotviacim prvkom.<\/p>\n","protected":false},"featured_media":353186,"template":"","meta":{"_acf_changed":false,"inline_featured_image":false},"product_brand":[],"product_cat":[2154,2153,2128],"product_tag":[1179],"class_list":{"0":"post-353184","1":"product","2":"type-product","3":"status-publish","4":"has-post-thumbnail","6":"product_cat-postroje","7":"product_cat-ochrana-proti-padu","8":"product_cat-ochranne-pomocky","9":"product_tag-cerva","10":"pa_velkost-uni","12":"first","13":"instock","14":"taxable","15":"shipping-taxable","16":"purchasable","17":"product-type-variable"},"acf":[],"_links":{"self":[{"href":"https:\/\/gajos.sk\/eshop\/wp-json\/wp\/v2\/product\/353184","targetHints":{"allow":["GET"]}}],"collection":[{"href":"https:\/\/gajos.sk\/eshop\/wp-json\/wp\/v2\/product"}],"about":[{"href":"https:\/\/gajos.sk\/eshop\/wp-json\/wp\/v2\/types\/product"}],"wp:featuredmedia":[{"embeddable":true,"href":"https:\/\/gajos.sk\/eshop\/wp-json\/wp\/v2\/media\/353186"}],"wp:attachment":[{"href":"https:\/\/gajos.sk\/eshop\/wp-json\/wp\/v2\/media?parent=353184"}],"wp:term":[{"taxonomy":"product_brand","embeddable":true,"href":"https:\/\/gajos.sk\/eshop\/wp-json\/wp\/v2\/product_brand?post=353184"},{"taxonomy":"product_cat","embeddable":true,"href":"https:\/\/gajos.sk\/eshop\/wp-json\/wp\/v2\/product_cat?post=353184"},{"taxonomy":"product_tag","embeddable":true,"href":"https:\/\/gajos.sk\/eshop\/wp-json\/wp\/v2\/product_tag?post=353184"}],"curies":[{"name":"wp","href":"https:\/\/api.w.org\/{rel}","templated":true}]}}