{"id":353181,"date":"2024-03-01T23:39:27","date_gmt":"2024-03-01T22:39:27","guid":{"rendered":"https:\/\/gajostest.a2hosted.com\/eshop\/cerva-aquila-3-postroj-zakladny\/"},"modified":"2026-05-06T21:59:57","modified_gmt":"2026-05-06T19:59:57","slug":"cerva-aquila-3-postroj-zakladny","status":"publish","type":"product","link":"https:\/\/gajos.sk\/eshop\/p\/cerva-aquila-3-postroj-zakladny\/","title":{"rendered":"CERVA AQUILA 3 postroj z\u00e1kladn\u00fd"},"content":{"rendered":"","protected":false},"excerpt":{"rendered":"<p>Postroj Aquila 3 FS2002 normy: EN 361 ve\u013ekosti: univerz\u00e1lna hmotnos\u0165: 0,73 kg nosnos\u0165: 120 kg CHARAKTERISTIKA: \u00bb dva kotviace body, chrbtov\u00fd D kr\u00fa\u017eok a 2 hrudn\u00e9 slu\u010dky, nastavovacie oce\u013eov\u00e9 spony na no\u017en\u00fdch popruhoch, dvojfarebn\u00e9 prevedenie POU\u017dITIE: stavebn\u00edctvo (strechy, kon\u0161trukcia, le\u0161enie)<\/p>\n","protected":false},"featured_media":353183,"template":"","meta":{"_acf_changed":false,"inline_featured_image":false},"product_brand":[],"product_cat":[2154,2153,2128],"product_tag":[1179],"class_list":{"0":"post-353181","1":"product","2":"type-product","3":"status-publish","4":"has-post-thumbnail","6":"product_cat-postroje","7":"product_cat-ochrana-proti-padu","8":"product_cat-ochranne-pomocky","9":"product_tag-cerva","10":"pa_velkost-uni","12":"first","13":"instock","14":"taxable","15":"shipping-taxable","16":"purchasable","17":"product-type-variable"},"acf":[],"_links":{"self":[{"href":"https:\/\/gajos.sk\/eshop\/wp-json\/wp\/v2\/product\/353181","targetHints":{"allow":["GET"]}}],"collection":[{"href":"https:\/\/gajos.sk\/eshop\/wp-json\/wp\/v2\/product"}],"about":[{"href":"https:\/\/gajos.sk\/eshop\/wp-json\/wp\/v2\/types\/product"}],"wp:featuredmedia":[{"embeddable":true,"href":"https:\/\/gajos.sk\/eshop\/wp-json\/wp\/v2\/media\/353183"}],"wp:attachment":[{"href":"https:\/\/gajos.sk\/eshop\/wp-json\/wp\/v2\/media?parent=353181"}],"wp:term":[{"taxonomy":"product_brand","embeddable":true,"href":"https:\/\/gajos.sk\/eshop\/wp-json\/wp\/v2\/product_brand?post=353181"},{"taxonomy":"product_cat","embeddable":true,"href":"https:\/\/gajos.sk\/eshop\/wp-json\/wp\/v2\/product_cat?post=353181"},{"taxonomy":"product_tag","embeddable":true,"href":"https:\/\/gajos.sk\/eshop\/wp-json\/wp\/v2\/product_tag?post=353181"}],"curies":[{"name":"wp","href":"https:\/\/api.w.org\/{rel}","templated":true}]}}