{"id":353173,"date":"2024-03-01T23:39:22","date_gmt":"2024-03-01T22:39:22","guid":{"rendered":"https:\/\/gajostest.a2hosted.com\/eshop\/postroj-fireproof-basic-en361\/"},"modified":"2026-05-06T21:59:57","modified_gmt":"2026-05-06T19:59:57","slug":"postroj-fireproof-basic-en361","status":"publish","type":"product","link":"https:\/\/gajos.sk\/eshop\/p\/postroj-fireproof-basic-en361\/","title":{"rendered":"Postroj Fireproof Basic EN361"},"content":{"rendered":"","protected":false},"excerpt":{"rendered":"<p>FIREPROOF BASIC EN 361 Z\u00e1kladn\u00fd zachyt\u00e1vac\u00ed postroj v nehor\u013eavej verzii. Odoln\u00fd proti kvapk\u00e1m hor\u00facich kovov. Vhodn\u00fd na pr\u00e1ce ako zv\u00e1ranie, br\u00fasenie, rezanie kovov. Predn\u00fd a zadn\u00fd kotviaci prvok, mo\u017enos\u0165 nastavenia na nohavi\u010dk\u00e1ch aj ramen\u00e1ch. Odpor\u00fa\u010dame kombinova\u0165 s \u010fal\u0161\u00edmi prvkami syst\u00e9mu proti p\u00e1du v nehor\u013eavom preveden\u00ed.<\/p>\n","protected":false},"featured_media":353175,"template":"","meta":{"_acf_changed":false,"inline_featured_image":false},"product_brand":[],"product_cat":[2154,2153,2128],"product_tag":[1246],"class_list":{"0":"post-353173","1":"product","2":"type-product","3":"status-publish","4":"has-post-thumbnail","6":"product_cat-postroje","7":"product_cat-ochrana-proti-padu","8":"product_cat-ochranne-pomocky","9":"product_tag-lanex","10":"pa_velkost-m-xl","11":"pa_velkost-xxl","13":"first","14":"instock","15":"taxable","16":"shipping-taxable","17":"purchasable","18":"product-type-variable"},"acf":[],"_links":{"self":[{"href":"https:\/\/gajos.sk\/eshop\/wp-json\/wp\/v2\/product\/353173","targetHints":{"allow":["GET"]}}],"collection":[{"href":"https:\/\/gajos.sk\/eshop\/wp-json\/wp\/v2\/product"}],"about":[{"href":"https:\/\/gajos.sk\/eshop\/wp-json\/wp\/v2\/types\/product"}],"wp:featuredmedia":[{"embeddable":true,"href":"https:\/\/gajos.sk\/eshop\/wp-json\/wp\/v2\/media\/353175"}],"wp:attachment":[{"href":"https:\/\/gajos.sk\/eshop\/wp-json\/wp\/v2\/media?parent=353173"}],"wp:term":[{"taxonomy":"product_brand","embeddable":true,"href":"https:\/\/gajos.sk\/eshop\/wp-json\/wp\/v2\/product_brand?post=353173"},{"taxonomy":"product_cat","embeddable":true,"href":"https:\/\/gajos.sk\/eshop\/wp-json\/wp\/v2\/product_cat?post=353173"},{"taxonomy":"product_tag","embeddable":true,"href":"https:\/\/gajos.sk\/eshop\/wp-json\/wp\/v2\/product_tag?post=353173"}],"curies":[{"name":"wp","href":"https:\/\/api.w.org\/{rel}","templated":true}]}}