{"id":353168,"date":"2024-03-01T23:39:18","date_gmt":"2024-03-01T22:39:18","guid":{"rendered":"https:\/\/gajostest.a2hosted.com\/eshop\/postroj-lite-en-361\/"},"modified":"2026-05-06T21:59:57","modified_gmt":"2026-05-06T19:59:57","slug":"postroj-lite-en-361","status":"publish","type":"product","link":"https:\/\/gajos.sk\/eshop\/p\/postroj-lite-en-361\/","title":{"rendered":"postroj Lite EN 361"},"content":{"rendered":"","protected":false},"excerpt":{"rendered":"<p>Postroj Fall safe LITE normy: EN 361:2002 ve\u013ekosti: S\/M, L\/XL, XXL hmotnos\u0165: 0,9 kg, 1 kg, 1,1 kg CHARAKTERISTIKA: dva kotviace body, chrbtov\u00fd D kr\u00fa\u017eok a 2 hrudn\u00e9 slu\u010dky, polstrovanie z \u013eahk\u00fdch materi\u00e1lov pri ramenn\u00fdch a no\u017en\u00fdch popruhoch, nastavovacie no\u017en\u00e9 popruhy s r\u00fdchloup\u00ednac\u00edmi hlin\u00edkov\u00fdmi sponami POU\u017dITIE: stavebn\u00edctvo, strechy, kon\u0161trukcia, le\u0161enie<\/p>\n","protected":false},"featured_media":353170,"template":"","meta":{"_acf_changed":false,"inline_featured_image":false},"product_brand":[],"product_cat":[2154,2153,2128],"product_tag":[1293],"class_list":{"0":"post-353168","1":"product","2":"type-product","3":"status-publish","4":"has-post-thumbnail","6":"product_cat-postroje","7":"product_cat-ochrana-proti-padu","8":"product_cat-ochranne-pomocky","9":"product_tag-fallsafe","10":"pa_velkost-xxl","11":"pa_velkost-s-m","12":"pa_velkost-l-xl","14":"first","15":"instock","16":"taxable","17":"shipping-taxable","18":"purchasable","19":"product-type-variable"},"acf":[],"_links":{"self":[{"href":"https:\/\/gajos.sk\/eshop\/wp-json\/wp\/v2\/product\/353168","targetHints":{"allow":["GET"]}}],"collection":[{"href":"https:\/\/gajos.sk\/eshop\/wp-json\/wp\/v2\/product"}],"about":[{"href":"https:\/\/gajos.sk\/eshop\/wp-json\/wp\/v2\/types\/product"}],"wp:featuredmedia":[{"embeddable":true,"href":"https:\/\/gajos.sk\/eshop\/wp-json\/wp\/v2\/media\/353170"}],"wp:attachment":[{"href":"https:\/\/gajos.sk\/eshop\/wp-json\/wp\/v2\/media?parent=353168"}],"wp:term":[{"taxonomy":"product_brand","embeddable":true,"href":"https:\/\/gajos.sk\/eshop\/wp-json\/wp\/v2\/product_brand?post=353168"},{"taxonomy":"product_cat","embeddable":true,"href":"https:\/\/gajos.sk\/eshop\/wp-json\/wp\/v2\/product_cat?post=353168"},{"taxonomy":"product_tag","embeddable":true,"href":"https:\/\/gajos.sk\/eshop\/wp-json\/wp\/v2\/product_tag?post=353168"}],"curies":[{"name":"wp","href":"https:\/\/api.w.org\/{rel}","templated":true}]}}