{"id":353158,"date":"2024-03-01T23:39:14","date_gmt":"2024-03-01T22:39:14","guid":{"rendered":"https:\/\/gajostest.a2hosted.com\/eshop\/postroj-berkut-5-en-361\/"},"modified":"2026-04-15T22:02:55","modified_gmt":"2026-04-15T20:02:55","slug":"postroj-berkut-5-en-361","status":"publish","type":"product","link":"https:\/\/gajos.sk\/eshop\/p\/postroj-berkut-5-en-361\/","title":{"rendered":"postroj BERKUT 5 EN 361"},"content":{"rendered":"","protected":false},"excerpt":{"rendered":"<p>Postroj Fall safe BERKUT 5 normy: EN 361:2002 ve\u013ekosti: S\/M, L\/XL, XXL hmotnos\u0165: 1,85 kg CHARAKTERISTIKA: dva kotviace body, chrbtov\u00fd D kr\u00fa\u017eok a 2 hrudn\u00e9 slu\u010dky, dvojfarebn\u00e9 prevedenie pre \u013eah\u0161iu orient\u00e1ciu pri nasadzovan\u00ed, polstrovan\u00e9 ramenn\u00e9 a no\u017en\u00e9 popruhy, nastavovacie no\u017en\u00e9 popruhy s r\u00fdchloup\u00ednac\u00edmi sponami POU\u017dITIE: strechy, pr\u00e1ca na plo\u0161in\u00e1ch, dreven\u00e9 st\u013apy, energetick\u00e9 st\u013apy, oce\u013eov\u00e9 kon\u0161trukcie<\/p>\n","protected":false},"featured_media":353160,"template":"","meta":{"_acf_changed":false,"inline_featured_image":false},"product_brand":[],"product_cat":[2154,2153,2128],"product_tag":[1293],"class_list":{"0":"post-353158","1":"product","2":"type-product","3":"status-publish","4":"has-post-thumbnail","6":"product_cat-postroje","7":"product_cat-ochrana-proti-padu","8":"product_cat-ochranne-pomocky","9":"product_tag-fallsafe","10":"pa_velkost-l-xl","11":"pa_velkost-xxl","12":"pa_velkost-s-m","14":"first","15":"instock","16":"taxable","17":"shipping-taxable","18":"purchasable","19":"product-type-variable"},"acf":[],"_links":{"self":[{"href":"https:\/\/gajos.sk\/eshop\/wp-json\/wp\/v2\/product\/353158","targetHints":{"allow":["GET"]}}],"collection":[{"href":"https:\/\/gajos.sk\/eshop\/wp-json\/wp\/v2\/product"}],"about":[{"href":"https:\/\/gajos.sk\/eshop\/wp-json\/wp\/v2\/types\/product"}],"wp:featuredmedia":[{"embeddable":true,"href":"https:\/\/gajos.sk\/eshop\/wp-json\/wp\/v2\/media\/353160"}],"wp:attachment":[{"href":"https:\/\/gajos.sk\/eshop\/wp-json\/wp\/v2\/media?parent=353158"}],"wp:term":[{"taxonomy":"product_brand","embeddable":true,"href":"https:\/\/gajos.sk\/eshop\/wp-json\/wp\/v2\/product_brand?post=353158"},{"taxonomy":"product_cat","embeddable":true,"href":"https:\/\/gajos.sk\/eshop\/wp-json\/wp\/v2\/product_cat?post=353158"},{"taxonomy":"product_tag","embeddable":true,"href":"https:\/\/gajos.sk\/eshop\/wp-json\/wp\/v2\/product_tag?post=353158"}],"curies":[{"name":"wp","href":"https:\/\/api.w.org\/{rel}","templated":true}]}}