{"id":353146,"date":"2024-03-01T23:39:08","date_gmt":"2024-03-01T22:39:08","guid":{"rendered":"https:\/\/gajostest.a2hosted.com\/eshop\/tuff-postroj-nebezpecne-prostredie\/"},"modified":"2026-05-06T21:59:57","modified_gmt":"2026-05-06T19:59:57","slug":"tuff-postroj-nebezpecne-prostredie","status":"publish","type":"product","link":"https:\/\/gajos.sk\/eshop\/p\/tuff-postroj-nebezpecne-prostredie\/","title":{"rendered":"TUFF postroj nebezpe\u010dn\u00e9 prostredie"},"content":{"rendered":"","protected":false},"excerpt":{"rendered":"<p>Postroj Fallsafe TUFF S-M do chemicky n\u00e1ro\u010dn\u00fdch podmienok pre chemick\u00fd priemysel, natiera\u010de, izolat\u00e9ry a pod. Jednoduch\u00e9 \u010distenie v\u010faka vrstve PES Biothane\u00ae na povrchu popruhov postroja. EN361<\/p>\n","protected":false},"featured_media":353148,"template":"","meta":{"_acf_changed":false,"inline_featured_image":false},"product_brand":[],"product_cat":[2154,2153,2128],"product_tag":[1293],"class_list":{"0":"post-353146","1":"product","2":"type-product","3":"status-publish","4":"has-post-thumbnail","6":"product_cat-postroje","7":"product_cat-ochrana-proti-padu","8":"product_cat-ochranne-pomocky","9":"product_tag-fallsafe","10":"pa_velkost-s-m","11":"pa_velkost-l-xl","13":"first","14":"instock","15":"taxable","16":"shipping-taxable","17":"purchasable","18":"product-type-variable"},"acf":[],"_links":{"self":[{"href":"https:\/\/gajos.sk\/eshop\/wp-json\/wp\/v2\/product\/353146","targetHints":{"allow":["GET"]}}],"collection":[{"href":"https:\/\/gajos.sk\/eshop\/wp-json\/wp\/v2\/product"}],"about":[{"href":"https:\/\/gajos.sk\/eshop\/wp-json\/wp\/v2\/types\/product"}],"wp:featuredmedia":[{"embeddable":true,"href":"https:\/\/gajos.sk\/eshop\/wp-json\/wp\/v2\/media\/353148"}],"wp:attachment":[{"href":"https:\/\/gajos.sk\/eshop\/wp-json\/wp\/v2\/media?parent=353146"}],"wp:term":[{"taxonomy":"product_brand","embeddable":true,"href":"https:\/\/gajos.sk\/eshop\/wp-json\/wp\/v2\/product_brand?post=353146"},{"taxonomy":"product_cat","embeddable":true,"href":"https:\/\/gajos.sk\/eshop\/wp-json\/wp\/v2\/product_cat?post=353146"},{"taxonomy":"product_tag","embeddable":true,"href":"https:\/\/gajos.sk\/eshop\/wp-json\/wp\/v2\/product_tag?post=353146"}],"curies":[{"name":"wp","href":"https:\/\/api.w.org\/{rel}","templated":true}]}}