{"id":353138,"date":"2024-03-01T23:39:03","date_gmt":"2024-03-01T22:39:03","guid":{"rendered":"https:\/\/gajostest.a2hosted.com\/eshop\/spider-combo-3-postroj-en361358813\/"},"modified":"2026-04-11T17:51:47","modified_gmt":"2026-04-11T15:51:47","slug":"spider-combo-3-postroj-en361358813","status":"publish","type":"product","link":"https:\/\/gajos.sk\/eshop\/p\/spider-combo-3-postroj-en361358813\/","title":{"rendered":"SPIDER COMBO 3 postroj EN361,358,813"},"content":{"rendered":"","protected":false},"excerpt":{"rendered":"<p>FALL SAFE\u00ae FS243.06 Postroj komfortn\u00fd delen\u00fd pre pr\u00e1cu vo vise pre z\u00e1chranu 12 nastavovac\u00edch miest normy: EN 361, EN 358, EN 813 ve\u013ekosti: S\/M, L\/XL, XXL nosnos\u0165: 140 kg hmotnos\u0165: 2 kg CHARAKTERISTIKA: Postroj delen\u00fd na sedaciu a hrudn\u00fa \u010das\u0165 predn\u00fd zachyt\u00e1vac\u00ed bod, chrbtov\u00fd D kr\u00fa\u017eok komfortn\u00fd polstrovan\u00fd 3-D ergonomick\u00fd opasok s dvoma polohovac\u00edmi D kr\u00fa\u017ekami polstrovan\u00e9 ramenn\u00e9 a no\u017en\u00e9 popruhy r\u00fdchlospony na v\u0161etk\u00fdch popruhoch POU\u017dITIE: Z\u00e1chrana, \u0161peci\u00e1lne jednotky, telekomunik\u00e1cie, vo vertik\u00e1lnej polohe energetick\u00e9 st\u013apy<\/p>\n","protected":false},"featured_media":353140,"template":"","meta":{"_acf_changed":false,"inline_featured_image":false},"product_brand":[],"product_cat":[2154,2153,2128],"product_tag":[1293],"class_list":{"0":"post-353138","1":"product","2":"type-product","3":"status-publish","4":"has-post-thumbnail","6":"product_cat-postroje","7":"product_cat-ochrana-proti-padu","8":"product_cat-ochranne-pomocky","9":"product_tag-fallsafe","10":"pa_velkost-s-m","11":"pa_velkost-l-xl","13":"first","14":"instock","15":"taxable","16":"shipping-taxable","17":"product-type-variable"},"acf":[],"_links":{"self":[{"href":"https:\/\/gajos.sk\/eshop\/wp-json\/wp\/v2\/product\/353138","targetHints":{"allow":["GET"]}}],"collection":[{"href":"https:\/\/gajos.sk\/eshop\/wp-json\/wp\/v2\/product"}],"about":[{"href":"https:\/\/gajos.sk\/eshop\/wp-json\/wp\/v2\/types\/product"}],"wp:featuredmedia":[{"embeddable":true,"href":"https:\/\/gajos.sk\/eshop\/wp-json\/wp\/v2\/media\/353140"}],"wp:attachment":[{"href":"https:\/\/gajos.sk\/eshop\/wp-json\/wp\/v2\/media?parent=353138"}],"wp:term":[{"taxonomy":"product_brand","embeddable":true,"href":"https:\/\/gajos.sk\/eshop\/wp-json\/wp\/v2\/product_brand?post=353138"},{"taxonomy":"product_cat","embeddable":true,"href":"https:\/\/gajos.sk\/eshop\/wp-json\/wp\/v2\/product_cat?post=353138"},{"taxonomy":"product_tag","embeddable":true,"href":"https:\/\/gajos.sk\/eshop\/wp-json\/wp\/v2\/product_tag?post=353138"}],"curies":[{"name":"wp","href":"https:\/\/api.w.org\/{rel}","templated":true}]}}